{"id":6456,"date":"2024-10-08T11:33:55","date_gmt":"2024-10-08T09:33:55","guid":{"rendered":"https:\/\/kunskapsforbundet.se\/birger-sjoberggymnasiet\/?page_id=6456"},"modified":"2025-08-27T15:09:11","modified_gmt":"2025-08-27T13:09:11","slug":"bandy","status":"publish","type":"page","link":"https:\/\/kunskapsforbundet.se\/birger-sjoberggymnasiet\/bandy\/","title":{"rendered":"Bandy"},"content":{"rendered":"\n<div class=\"pages__ingress pb-4 mb-0\"><p class=\"wp-block-ggb-block-feature__ingress\">N\u00e4r du l\u00e4ser v\u00e5r Nationella Idrottsutbildning (NIU) inom Bandy kommer du att bli v\u00e4l f\u00f6rberedd fysiskt, mentalt, tekniskt och taktiskt f\u00f6r din egen tr\u00e4nings- och t\u00e4vlingsverksamhet.<\/p><\/div>\n\n\n\n<p>Inneh\u00e5llet p\u00e5 v\u00e5r Nationella Idrottsutbildning (NIU) i bandy kommer att g\u00f6ra dig v\u00e4l f\u00f6rberedd fysiskt, mentalt, tekniskt och taktiskt f\u00f6r din egen tr\u00e4nings- och t\u00e4vlingsverksamhet. Du utbildas i och f\u00e5r en f\u00f6rdjupning i bland annat: bandyteknik, spel, taktik och regler samt fysiska och mentala tr\u00e4ningsprogram. Du f\u00e5r \u00e4ven l\u00e4ra dig att planera och genomf\u00f6ra tr\u00e4ningspass f\u00f6r dina klasskamrater.&nbsp;Genom \u00e4mnena Specialidrott niv\u00e5 1 och 2 och Tr\u00e4ning- och t\u00e4vlingsl\u00e4ra niv\u00e5 1 l\u00e4ser du 400 po\u00e4ng riktat mot bandy. Detta ger dig en mycket bra grund f\u00f6r att komma n\u00e4rmare dina m\u00e5l inom bandyn. Tr\u00e4ning och teori sker p\u00e5 dagtid och leds av v\u00e5ra instrukt\u00f6rer.<\/p>\n\n\n\n<p>Vi har 10 platser per&nbsp;l\u00e4s\u00e5r. Urval sker bland annat utifr\u00e5n dina bandymeriter, referenser och genom provtr\u00e4ning. Du l\u00e4ser NIU inom ramen f\u00f6r ett nationellt program, vilket betyder att du s\u00f6ker till b\u00e5de ett vanligt gymnasieprogram och en nationellt godk\u00e4nd idrottsutbildning. Har du n\u00e5gra fr\u00e5gor kan du h\u00f6ra med din SYV p\u00e5 skolan eller kontakta oss.<\/p>\n\n\n\n<p>Ans\u00f6kan g\u00f6rs via en webbaserad ans\u00f6kan centralt genom Svenska Bandyf\u00f6rbundet. Skapa ett inlogg till sidan och ans\u00f6k sedan.<\/p>\n\n\n\n<p><strong>Ans\u00f6kan p\u00e5g\u00e5r mellan 1 september &#8211; 1 december 2025. <\/strong><\/p>\n\n\n\n<div class=\"wp-block-buttons is-layout-flex wp-block-buttons-is-layout-flex\">\n<div class=\"wp-block-button\"><a class=\"wp-block-button__link has-vivid-cyan-blue-background-color has-background has-medium-font-size has-custom-font-size wp-element-button\" href=\"https:\/\/gymnasieansokan.svenskbandy.se\/mer-om-antagningen\" style=\"border-radius:0px\">Ans\u00f6kan till Bandy (NIU)<\/a><\/div>\n<\/div>\n\n\n\n<p><\/p>\n","protected":false},"excerpt":{"rendered":"<p>Inneh\u00e5llet p\u00e5 v\u00e5r Nationella Idrottsutbildning (NIU) i bandy kommer att g\u00f6ra dig v\u00e4l f\u00f6rberedd fysiskt, mentalt, tekniskt och taktiskt f\u00f6r din egen tr\u00e4nings- och t\u00e4vlingsverksamhet. Du utbildas i och f\u00e5r en f\u00f6rdjupning i bland annat: bandyteknik, spel, taktik och regler samt fysiska och mentala tr\u00e4ningsprogram. Du f\u00e5r \u00e4ven l\u00e4ra dig att planera och genomf\u00f6ra tr\u00e4ningspass [&hellip;]<\/p>\n","protected":false},"author":59,"featured_media":6457,"parent":0,"menu_order":0,"comment_status":"closed","ping_status":"closed","template":"","meta":{"_acf_changed":false,"footnotes":""},"class_list":["post-6456","page","type-page","status-publish","has-post-thumbnail","hentry"],"acf":[],"_links":{"self":[{"href":"https:\/\/kunskapsforbundet.se\/birger-sjoberggymnasiet\/wp-json\/wp\/v2\/pages\/6456","targetHints":{"allow":["GET"]}}],"collection":[{"href":"https:\/\/kunskapsforbundet.se\/birger-sjoberggymnasiet\/wp-json\/wp\/v2\/pages"}],"about":[{"href":"https:\/\/kunskapsforbundet.se\/birger-sjoberggymnasiet\/wp-json\/wp\/v2\/types\/page"}],"author":[{"embeddable":true,"href":"https:\/\/kunskapsforbundet.se\/birger-sjoberggymnasiet\/wp-json\/wp\/v2\/users\/59"}],"replies":[{"embeddable":true,"href":"https:\/\/kunskapsforbundet.se\/birger-sjoberggymnasiet\/wp-json\/wp\/v2\/comments?post=6456"}],"version-history":[{"count":8,"href":"https:\/\/kunskapsforbundet.se\/birger-sjoberggymnasiet\/wp-json\/wp\/v2\/pages\/6456\/revisions"}],"predecessor-version":[{"id":6951,"href":"https:\/\/kunskapsforbundet.se\/birger-sjoberggymnasiet\/wp-json\/wp\/v2\/pages\/6456\/revisions\/6951"}],"wp:featuredmedia":[{"embeddable":true,"href":"https:\/\/kunskapsforbundet.se\/birger-sjoberggymnasiet\/wp-json\/wp\/v2\/media\/6457"}],"wp:attachment":[{"href":"https:\/\/kunskapsforbundet.se\/birger-sjoberggymnasiet\/wp-json\/wp\/v2\/media?parent=6456"}],"curies":[{"name":"wp","href":"https:\/\/api.w.org\/{rel}","templated":true}]}}