{"id":6390,"date":"2024-10-02T14:39:26","date_gmt":"2024-10-02T12:39:26","guid":{"rendered":"https:\/\/kunskapsforbundet.se\/birger-sjoberggymnasiet\/?page_id=6390"},"modified":"2024-10-02T15:25:04","modified_gmt":"2024-10-02T13:25:04","slug":"spetsutbildningen-vad-gor-vara-tidigare-elever-idag","status":"publish","type":"page","link":"https:\/\/kunskapsforbundet.se\/birger-sjoberggymnasiet\/spetsutbildningen-vad-gor-vara-tidigare-elever-idag\/","title":{"rendered":"Spetsutbildningen &#8211; vad g\u00f6r v\u00e5ra tidigare elever idag?"},"content":{"rendered":"\n<p>Dr\u00f6mmer du om att arbeta som yrkesmusiker? Bilda ett band? Arbeta som dirigent? Eller varf\u00f6r inte spela i Kungliga hovkapellet? V\u00e4ljer du att g\u00e5 Estetiska programmets spetsinriktning musik \u00e4r m\u00f6jligheterna efter studierna m\u00e5nga. Nedan kan du ta del av vad n\u00e5gra av v\u00e5ra tidigare elever g\u00f6r idag. <\/p>\n\n\n\n<div style=\"height:37px\" aria-hidden=\"true\" class=\"wp-block-spacer\"><\/div>\n\n\n\n<figure class=\"wp-block-gallery has-nested-images columns-default is-cropped wp-block-gallery-2 is-layout-flex wp-block-gallery-is-layout-flex\">\n<figure class=\"wp-block-image size-large\"><img loading=\"lazy\" decoding=\"async\" width=\"683\" height=\"1024\" data-id=\"5734\" src=\"https:\/\/kunskapsforbundet.se\/app\/uploads\/sites\/3\/2023\/11\/andreas-683x1024.jpg\" alt=\"\" class=\"wp-image-5734\" srcset=\"https:\/\/kunskapsforbundet.se\/app\/uploads\/sites\/3\/2023\/11\/andreas-683x1024.jpg 683w, https:\/\/kunskapsforbundet.se\/app\/uploads\/sites\/3\/2023\/11\/andreas-200x300.jpg 200w, https:\/\/kunskapsforbundet.se\/app\/uploads\/sites\/3\/2023\/11\/andreas-768x1151.jpg 768w, https:\/\/kunskapsforbundet.se\/app\/uploads\/sites\/3\/2023\/11\/andreas-1025x1536.jpg 1025w, https:\/\/kunskapsforbundet.se\/app\/uploads\/sites\/3\/2023\/11\/andreas.jpg 1334w\" sizes=\"auto, (max-width: 683px) 100vw, 683px\" \/><figcaption class=\"wp-element-caption\">Andreas Hansson <br>Conductor, Luzerner Sinfonie Orchester, Switzerland<\/figcaption><\/figure>\n\n\n\n<figure class=\"wp-block-image size-large\"><img loading=\"lazy\" decoding=\"async\" width=\"1024\" height=\"684\" data-id=\"5735\" src=\"https:\/\/kunskapsforbundet.se\/app\/uploads\/sites\/3\/2023\/11\/carlvallin-1024x684.jpg\" alt=\"\" class=\"wp-image-5735\" srcset=\"https:\/\/kunskapsforbundet.se\/app\/uploads\/sites\/3\/2023\/11\/carlvallin-1024x684.jpg 1024w, https:\/\/kunskapsforbundet.se\/app\/uploads\/sites\/3\/2023\/11\/carlvallin-300x200.jpg 300w, https:\/\/kunskapsforbundet.se\/app\/uploads\/sites\/3\/2023\/11\/carlvallin-768x513.jpg 768w, https:\/\/kunskapsforbundet.se\/app\/uploads\/sites\/3\/2023\/11\/carlvallin-1536x1025.jpg 1536w, https:\/\/kunskapsforbundet.se\/app\/uploads\/sites\/3\/2023\/11\/carlvallin-2048x1367.jpg 2048w\" sizes=\"auto, (max-width: 1024px) 100vw, 1024px\" \/><figcaption class=\"wp-element-caption\">Carl Vallin, <br>Alternerande 1:e konsertm\u00e4stare i Kungliga Hovkapellet<br>Fotograf: William Vallin<\/figcaption><\/figure>\n\n\n\n<figure class=\"wp-block-image size-large\"><img loading=\"lazy\" decoding=\"async\" width=\"1024\" height=\"683\" data-id=\"5736\" src=\"https:\/\/kunskapsforbundet.se\/app\/uploads\/sites\/3\/2023\/11\/DSC01328-1024x683.jpg\" alt=\"\" class=\"wp-image-5736\" srcset=\"https:\/\/kunskapsforbundet.se\/app\/uploads\/sites\/3\/2023\/11\/DSC01328-1024x683.jpg 1024w, https:\/\/kunskapsforbundet.se\/app\/uploads\/sites\/3\/2023\/11\/DSC01328-300x200.jpg 300w, https:\/\/kunskapsforbundet.se\/app\/uploads\/sites\/3\/2023\/11\/DSC01328-768x512.jpg 768w, https:\/\/kunskapsforbundet.se\/app\/uploads\/sites\/3\/2023\/11\/DSC01328-1536x1024.jpg 1536w, https:\/\/kunskapsforbundet.se\/app\/uploads\/sites\/3\/2023\/11\/DSC01328-2048x1365.jpg 2048w\" sizes=\"auto, (max-width: 1024px) 100vw, 1024px\" \/><figcaption class=\"wp-element-caption\">Gustav Wetterbrandt <br>Alternerande Solo-klarinett i Malm\u00f6 SymfoniOrkester.<br>Fotograf: Frida Sj\u00f6lin<\/figcaption><\/figure>\n\n\n\n<figure class=\"wp-block-image size-large\"><img loading=\"lazy\" decoding=\"async\" width=\"988\" height=\"749\" data-id=\"5737\" src=\"https:\/\/kunskapsforbundet.se\/app\/uploads\/sites\/3\/2023\/11\/elisamariefaglefelt.jpg\" alt=\"\" class=\"wp-image-5737\" srcset=\"https:\/\/kunskapsforbundet.se\/app\/uploads\/sites\/3\/2023\/11\/elisamariefaglefelt.jpg 988w, https:\/\/kunskapsforbundet.se\/app\/uploads\/sites\/3\/2023\/11\/elisamariefaglefelt-300x227.jpg 300w, https:\/\/kunskapsforbundet.se\/app\/uploads\/sites\/3\/2023\/11\/elisamariefaglefelt-768x582.jpg 768w\" sizes=\"auto, (max-width: 988px) 100vw, 988px\" \/><figcaption class=\"wp-element-caption\">Elsa-Marie F\u00e5glefelt<br>Trombon i Marines Musikk\u00e5r<\/figcaption><\/figure>\n\n\n\n<figure class=\"wp-block-image size-large\"><img loading=\"lazy\" decoding=\"async\" width=\"1024\" height=\"683\" data-id=\"5738\" src=\"https:\/\/kunskapsforbundet.se\/app\/uploads\/sites\/3\/2023\/11\/hugo_olsson-1024x683.jpeg\" alt=\"\" class=\"wp-image-5738\" srcset=\"https:\/\/kunskapsforbundet.se\/app\/uploads\/sites\/3\/2023\/11\/hugo_olsson-1024x683.jpeg 1024w, https:\/\/kunskapsforbundet.se\/app\/uploads\/sites\/3\/2023\/11\/hugo_olsson-300x200.jpeg 300w, https:\/\/kunskapsforbundet.se\/app\/uploads\/sites\/3\/2023\/11\/hugo_olsson-768x512.jpeg 768w, https:\/\/kunskapsforbundet.se\/app\/uploads\/sites\/3\/2023\/11\/hugo_olsson-1536x1025.jpeg 1536w, https:\/\/kunskapsforbundet.se\/app\/uploads\/sites\/3\/2023\/11\/hugo_olsson.jpeg 1920w\" sizes=\"auto, (max-width: 1024px) 100vw, 1024px\" \/><figcaption class=\"wp-element-caption\">Hugo Olsson<br> Vasa Stadsorkester, Finland<\/figcaption><\/figure>\n<\/figure>\n","protected":false},"excerpt":{"rendered":"<p>Dr\u00f6mmer du om att arbeta som yrkesmusiker? Bilda ett band? Arbeta som dirigent? Eller varf\u00f6r inte spela i Kungliga hovkapellet? V\u00e4ljer du att g\u00e5 Estetiska programmets spetsinriktning musik \u00e4r m\u00f6jligheterna efter studierna m\u00e5nga. Nedan kan du ta del av vad n\u00e5gra av v\u00e5ra tidigare elever g\u00f6r idag.<\/p>\n","protected":false},"author":59,"featured_media":0,"parent":0,"menu_order":0,"comment_status":"closed","ping_status":"closed","template":"","meta":{"_acf_changed":false,"footnotes":""},"class_list":["post-6390","page","type-page","status-publish","hentry"],"acf":[],"_links":{"self":[{"href":"https:\/\/kunskapsforbundet.se\/birger-sjoberggymnasiet\/wp-json\/wp\/v2\/pages\/6390","targetHints":{"allow":["GET"]}}],"collection":[{"href":"https:\/\/kunskapsforbundet.se\/birger-sjoberggymnasiet\/wp-json\/wp\/v2\/pages"}],"about":[{"href":"https:\/\/kunskapsforbundet.se\/birger-sjoberggymnasiet\/wp-json\/wp\/v2\/types\/page"}],"author":[{"embeddable":true,"href":"https:\/\/kunskapsforbundet.se\/birger-sjoberggymnasiet\/wp-json\/wp\/v2\/users\/59"}],"replies":[{"embeddable":true,"href":"https:\/\/kunskapsforbundet.se\/birger-sjoberggymnasiet\/wp-json\/wp\/v2\/comments?post=6390"}],"version-history":[{"count":11,"href":"https:\/\/kunskapsforbundet.se\/birger-sjoberggymnasiet\/wp-json\/wp\/v2\/pages\/6390\/revisions"}],"predecessor-version":[{"id":6431,"href":"https:\/\/kunskapsforbundet.se\/birger-sjoberggymnasiet\/wp-json\/wp\/v2\/pages\/6390\/revisions\/6431"}],"wp:attachment":[{"href":"https:\/\/kunskapsforbundet.se\/birger-sjoberggymnasiet\/wp-json\/wp\/v2\/media?parent=6390"}],"curies":[{"name":"wp","href":"https:\/\/api.w.org\/{rel}","templated":true}]}}