{"id":5355,"date":"2022-10-10T10:02:20","date_gmt":"2022-10-10T08:02:20","guid":{"rendered":"https:\/\/kunskapsforbundet.se\/birger-sjoberggymnasiet\/?page_id=5355"},"modified":"2025-12-09T15:29:59","modified_gmt":"2025-12-09T14:29:59","slug":"lokal-innebandyprofil","status":"publish","type":"page","link":"https:\/\/kunskapsforbundet.se\/birger-sjoberggymnasiet\/lokal-innebandyprofil\/","title":{"rendered":"Innebandy (LIU)"},"content":{"rendered":"\n<div class=\"pages__ingress pb-4 mb-0\"><p class=\"wp-block-ggb-block-feature__ingress\"><em>Birger Sj\u00f6berggymnasiet erbjuder i samarbete med IBK V\u00e4nersborg en lokal idrottsutbildning (LIU) i innebandy. Oavsett vilket gymnasieprogram du v\u00e4ljer kan du inom individuellt val, redan fr\u00e5n \u00e5rskurs 1, l\u00e4sa \u00e4mnet T\u00e4vlingsidrott niv\u00e5 1 och 2.<\/em><\/p><\/div>\n\n\n\n<h3 class=\"wp-block-heading\">Utbildningen innefattar:<\/h3>\n\n\n\n<ul class=\"wp-block-list\">\n<li>Tv\u00e5 tr\u00e4ningspass i veckan under schematiden f\u00f6r individuellt val.<\/li>\n\n\n\n<li>Fokus p\u00e5 individuell spelarutveckling.<\/li>\n\n\n\n<li>Inneh\u00e5llet baseras fr\u00e4mst p\u00e5 svenska innebandyf\u00f6rbundets utvecklingsmodell.<\/li>\n\n\n\n<li>Tr\u00e4ningen leds av utbildad instrukt\u00f6r.<\/li>\n\n\n\n<li>Individuell utvecklingsplan.<\/li>\n\n\n\n<li>Teoretiska tillf\u00e4llen med inneh\u00e5ll s\u00e5som tr\u00e4ningsl\u00e4ra, kost och idrottsskador.<\/li>\n<\/ul>\n\n\n\n<h3 class=\"wp-block-heading\">Hur ans\u00f6ker jag?<\/h3>\n\n\n\n<p>Intresseanm\u00e4lan sker senast den 2 februari via ett digitalt formul\u00e4r som finns p\u00e5 Birger Sj\u00f6berggymnasiets och IBK V\u00e4nersborgs hemsida. Enda krav f\u00f6r anm\u00e4lan \u00e4r att du \u00e4r aktiv innebandyspelare i en f\u00f6rening.<\/p>\n\n\n\n<div class=\"wp-block-buttons is-layout-flex wp-block-buttons-is-layout-flex\">\n<div class=\"wp-block-button is-style-fill\"><a class=\"wp-block-button__link has-background wp-element-button\" href=\"https:\/\/forms.office.com\/Pages\/ResponsePage.aspx?id=xJBuXJEIfkePsMJwLVEWeRNOSaoMvd1Ns-LT_VJpaHpUQkxCOTY2TTVHRE4yRUlRRUtSMjlBREFGQi4u\" style=\"border-radius:0px;background-color:#1e418c\" target=\"_blank\" rel=\"noreferrer noopener\">Anm\u00e4l dig h\u00e4r<\/a><\/div>\n<\/div>\n\n\n\n<div style=\"height:33px\" aria-hidden=\"true\" class=\"wp-block-spacer\"><\/div>\n\n\n\n<p>Vid fr\u00e5gor, kontakta Jonas Bystr\u00f6m, huvudinstrukt\u00f6r IBK V\u00e4nersborg<br>Tel: 070-2020721<br>jonas.bystrom@ibkvanersborg.se<\/p>\n\n\n\n<p>L\u00e4s mer om f\u00f6reningen vi samverkar med, IBK V\u00e4nersborg:<br><a href=\"https:\/\/www.ibkvanersborg.se\/\">www.ibkvanersborg.se<\/a><\/p>\n\n\n\n<hr class=\"wp-block-separator has-alpha-channel-opacity\"\/>\n\n\n\n<p><\/p>\n","protected":false},"excerpt":{"rendered":"<p>Utbildningen innefattar: Hur ans\u00f6ker jag? Intresseanm\u00e4lan sker senast den 2 februari via ett digitalt formul\u00e4r som finns p\u00e5 Birger Sj\u00f6berggymnasiets och IBK V\u00e4nersborgs hemsida. Enda krav f\u00f6r anm\u00e4lan \u00e4r att du \u00e4r aktiv innebandyspelare i en f\u00f6rening. Vid fr\u00e5gor, kontakta Jonas Bystr\u00f6m, huvudinstrukt\u00f6r IBK V\u00e4nersborgTel: 070-2020721jonas.bystrom@ibkvanersborg.se L\u00e4s mer om f\u00f6reningen vi samverkar med, IBK V\u00e4nersborg:www.ibkvanersborg.se<\/p>\n","protected":false},"author":37,"featured_media":6598,"parent":0,"menu_order":0,"comment_status":"closed","ping_status":"closed","template":"","meta":{"_acf_changed":false,"footnotes":""},"class_list":["post-5355","page","type-page","status-publish","has-post-thumbnail","hentry"],"acf":[],"_links":{"self":[{"href":"https:\/\/kunskapsforbundet.se\/birger-sjoberggymnasiet\/wp-json\/wp\/v2\/pages\/5355","targetHints":{"allow":["GET"]}}],"collection":[{"href":"https:\/\/kunskapsforbundet.se\/birger-sjoberggymnasiet\/wp-json\/wp\/v2\/pages"}],"about":[{"href":"https:\/\/kunskapsforbundet.se\/birger-sjoberggymnasiet\/wp-json\/wp\/v2\/types\/page"}],"author":[{"embeddable":true,"href":"https:\/\/kunskapsforbundet.se\/birger-sjoberggymnasiet\/wp-json\/wp\/v2\/users\/37"}],"replies":[{"embeddable":true,"href":"https:\/\/kunskapsforbundet.se\/birger-sjoberggymnasiet\/wp-json\/wp\/v2\/comments?post=5355"}],"version-history":[{"count":16,"href":"https:\/\/kunskapsforbundet.se\/birger-sjoberggymnasiet\/wp-json\/wp\/v2\/pages\/5355\/revisions"}],"predecessor-version":[{"id":7190,"href":"https:\/\/kunskapsforbundet.se\/birger-sjoberggymnasiet\/wp-json\/wp\/v2\/pages\/5355\/revisions\/7190"}],"wp:featuredmedia":[{"embeddable":true,"href":"https:\/\/kunskapsforbundet.se\/birger-sjoberggymnasiet\/wp-json\/wp\/v2\/media\/6598"}],"wp:attachment":[{"href":"https:\/\/kunskapsforbundet.se\/birger-sjoberggymnasiet\/wp-json\/wp\/v2\/media?parent=5355"}],"curies":[{"name":"wp","href":"https:\/\/api.w.org\/{rel}","templated":true}]}}