{"id":5293,"date":"2024-09-19T10:42:35","date_gmt":"2024-09-19T08:42:35","guid":{"rendered":"https:\/\/kunskapsforbundet.se\/birger-sjoberggymnasiet\/?page_id=5293"},"modified":"2026-02-10T08:56:27","modified_gmt":"2026-02-10T07:56:27","slug":"oppet-hus","status":"publish","type":"page","link":"https:\/\/kunskapsforbundet.se\/birger-sjoberggymnasiet\/om-skolan\/oppet-hus\/","title":{"rendered":"\u00d6ppet hus"},"content":{"rendered":"\n<div class=\"pages__ingress pb-4 mb-0\"><p class=\"wp-block-ggb-block-feature__ingress\">Birger Sj\u00f6berggymnasiet anordnar \u00e5rligen \u00d6ppet hus f\u00f6r att bjuda in nyfikna niondeklassare och anh\u00f6riga f\u00f6r att visa upp skolans utbud och lokaler. <\/p><\/div>\n\n\n\n<p>\u00d6ppet hus brukar \u00e4ga rum under november m\u00e5nad, f\u00f6ljt av ett extra \u00d6ppet hus under januari. D\u00e5 f\u00e5r du som inte har best\u00e4mt dig \u00e4n eller kanske beh\u00f6ver bli lite extra s\u00e4ker p\u00e5 ditt val, chansen att \u00e4nnu en g\u00e5ng bes\u00f6ka v\u00e5r skola.<\/p>\n\n\n\n<p>N\u00e4sta \u00d6ppet hus:<br><strong>November 2026<br><\/strong><br><br>Varmt v\u00e4lkommen till Birger Sj\u00f6berggymnasiet!<\/p>\n\n\n\n<hr class=\"wp-block-separator has-alpha-channel-opacity\" \/>\n\n\n\n<p>L\u00e4s mer och se bilder fr\u00e5n v\u00e5rt senaste \u00d6ppet Hus <a href=\"https:\/\/kunskapsforbundet.se\/birger-sjoberggymnasiet\/manga-besokte-birger-sjoberggymnasiets-oppet-hus\/\" data-type=\"link\" data-id=\"https:\/\/kunskapsforbundet.se\/birger-sjoberggymnasiet\/manga-besokte-birger-sjoberggymnasiets-oppet-hus\/\">h\u00e4r<\/a>.<\/p>\n\n\n\n<p><\/p>\n\n\n\n<div style=\"height:27px\" aria-hidden=\"true\" class=\"wp-block-spacer\"><\/div>\n\n\n\n<h2 class=\"wp-block-heading\">Skolreportrarna<\/h2>\n\n\n\n<p>Kunskapsf\u00f6rbundets skolreportrar visar upp en vanlig dag p\u00e5 v\u00e5ra tre gymnasieskolor. H\u00e4ng med! \ud83d\udc4b<\/p>\n\n\n\n<figure class=\"wp-block-video\"><video height=\"1080\" style=\"aspect-ratio: 1998 \/ 1080;\" width=\"1998\" controls src=\"https:\/\/kunskapsforbundet.se\/app\/uploads\/sites\/3\/2025\/10\/Huvudfilm-ejbio_250909.mp4\"><\/video><\/figure>\n\n\n<\/p>\n\n\n<p><\/p>\n\n\n<\/p>\n<p><\/p>","protected":false},"excerpt":{"rendered":"<p>\u00d6ppet hus brukar \u00e4ga rum under november m\u00e5nad, f\u00f6ljt av ett extra \u00d6ppet hus under januari. D\u00e5 f\u00e5r du som inte har best\u00e4mt dig \u00e4n eller kanske beh\u00f6ver bli lite extra s\u00e4ker p\u00e5 ditt val, chansen att \u00e4nnu en g\u00e5ng bes\u00f6ka v\u00e5r skola. N\u00e4sta \u00d6ppet hus:November 2026 Varmt v\u00e4lkommen till Birger Sj\u00f6berggymnasiet! L\u00e4s mer och [&hellip;]<\/p>\n","protected":false},"author":59,"featured_media":7111,"parent":192,"menu_order":0,"comment_status":"closed","ping_status":"closed","template":"","meta":{"_acf_changed":false,"footnotes":""},"class_list":["post-5293","page","type-page","status-publish","has-post-thumbnail","hentry"],"acf":[],"_links":{"self":[{"href":"https:\/\/kunskapsforbundet.se\/birger-sjoberggymnasiet\/wp-json\/wp\/v2\/pages\/5293","targetHints":{"allow":["GET"]}}],"collection":[{"href":"https:\/\/kunskapsforbundet.se\/birger-sjoberggymnasiet\/wp-json\/wp\/v2\/pages"}],"about":[{"href":"https:\/\/kunskapsforbundet.se\/birger-sjoberggymnasiet\/wp-json\/wp\/v2\/types\/page"}],"author":[{"embeddable":true,"href":"https:\/\/kunskapsforbundet.se\/birger-sjoberggymnasiet\/wp-json\/wp\/v2\/users\/59"}],"replies":[{"embeddable":true,"href":"https:\/\/kunskapsforbundet.se\/birger-sjoberggymnasiet\/wp-json\/wp\/v2\/comments?post=5293"}],"version-history":[{"count":80,"href":"https:\/\/kunskapsforbundet.se\/birger-sjoberggymnasiet\/wp-json\/wp\/v2\/pages\/5293\/revisions"}],"predecessor-version":[{"id":7328,"href":"https:\/\/kunskapsforbundet.se\/birger-sjoberggymnasiet\/wp-json\/wp\/v2\/pages\/5293\/revisions\/7328"}],"up":[{"embeddable":true,"href":"https:\/\/kunskapsforbundet.se\/birger-sjoberggymnasiet\/wp-json\/wp\/v2\/pages\/192"}],"wp:featuredmedia":[{"embeddable":true,"href":"https:\/\/kunskapsforbundet.se\/birger-sjoberggymnasiet\/wp-json\/wp\/v2\/media\/7111"}],"wp:attachment":[{"href":"https:\/\/kunskapsforbundet.se\/birger-sjoberggymnasiet\/wp-json\/wp\/v2\/media?parent=5293"}],"curies":[{"name":"wp","href":"https:\/\/api.w.org\/{rel}","templated":true}]}}