{"id":4910,"date":"2021-11-01T13:36:43","date_gmt":"2021-11-01T12:36:43","guid":{"rendered":"https:\/\/kunskapsforbundet.se\/birger-sjoberggymnasiet\/?page_id=4910"},"modified":"2026-03-25T08:20:12","modified_gmt":"2026-03-25T07:20:12","slug":"bildgalleri","status":"publish","type":"page","link":"https:\/\/kunskapsforbundet.se\/birger-sjoberggymnasiet\/bildgalleri\/","title":{"rendered":"Ta en rundtur!"},"content":{"rendered":"\n<div class=\"pages__ingress pb-4 mb-0\"><p>Nyfiken p\u00e5 hur det ser ut i v\u00e5r fina gymnasieskola? Vi har samlat ett bildgalleri med bilder fr\u00e5n v\u00e5ra olika klassrum, aula, idrottsanl\u00e4ggningar, bibliotek och yrkessalar. Se dig g\u00e4rna omkring!<\/p><\/div>\n\n\n\n<figure class=\"wp-block-gallery has-nested-images columns-default is-cropped wp-block-gallery-2 is-layout-flex wp-block-gallery-is-layout-flex\">\n<figure class=\"wp-block-image size-large\"><img loading=\"lazy\" decoding=\"async\" width=\"1024\" height=\"681\" data-id=\"4960\" src=\"https:\/\/kunskapsforbundet.se\/app\/uploads\/sites\/3\/2021\/11\/DSC2152-Redigera-1-1024x681.jpg\" alt=\"\" class=\"wp-image-4960\" srcset=\"https:\/\/kunskapsforbundet.se\/app\/uploads\/sites\/3\/2021\/11\/DSC2152-Redigera-1-1024x681.jpg 1024w, https:\/\/kunskapsforbundet.se\/app\/uploads\/sites\/3\/2021\/11\/DSC2152-Redigera-1-300x200.jpg 300w, https:\/\/kunskapsforbundet.se\/app\/uploads\/sites\/3\/2021\/11\/DSC2152-Redigera-1-768x511.jpg 768w, https:\/\/kunskapsforbundet.se\/app\/uploads\/sites\/3\/2021\/11\/DSC2152-Redigera-1-1536x1022.jpg 1536w, https:\/\/kunskapsforbundet.se\/app\/uploads\/sites\/3\/2021\/11\/DSC2152-Redigera-1-2048x1363.jpg 2048w\" sizes=\"auto, (max-width: 1024px) 100vw, 1024px\" \/><\/figure>\n\n\n\n<figure class=\"wp-block-image size-large\"><img loading=\"lazy\" decoding=\"async\" width=\"1024\" height=\"681\" data-id=\"4959\" src=\"https:\/\/kunskapsforbundet.se\/app\/uploads\/sites\/3\/2021\/11\/DSC2118-Redigera-1-1024x681.jpg\" alt=\"\" class=\"wp-image-4959\" srcset=\"https:\/\/kunskapsforbundet.se\/app\/uploads\/sites\/3\/2021\/11\/DSC2118-Redigera-1-1024x681.jpg 1024w, https:\/\/kunskapsforbundet.se\/app\/uploads\/sites\/3\/2021\/11\/DSC2118-Redigera-1-300x200.jpg 300w, https:\/\/kunskapsforbundet.se\/app\/uploads\/sites\/3\/2021\/11\/DSC2118-Redigera-1-768x511.jpg 768w, https:\/\/kunskapsforbundet.se\/app\/uploads\/sites\/3\/2021\/11\/DSC2118-Redigera-1-1536x1022.jpg 1536w, https:\/\/kunskapsforbundet.se\/app\/uploads\/sites\/3\/2021\/11\/DSC2118-Redigera-1-2048x1363.jpg 2048w\" sizes=\"auto, (max-width: 1024px) 100vw, 1024px\" \/><\/figure>\n\n\n\n<figure class=\"wp-block-image size-large\"><img loading=\"lazy\" decoding=\"async\" width=\"1024\" height=\"681\" data-id=\"4957\" src=\"https:\/\/kunskapsforbundet.se\/app\/uploads\/sites\/3\/2021\/11\/DSC2067-Redigera-1-1024x681.jpg\" alt=\"\" class=\"wp-image-4957\" srcset=\"https:\/\/kunskapsforbundet.se\/app\/uploads\/sites\/3\/2021\/11\/DSC2067-Redigera-1-1024x681.jpg 1024w, https:\/\/kunskapsforbundet.se\/app\/uploads\/sites\/3\/2021\/11\/DSC2067-Redigera-1-300x200.jpg 300w, https:\/\/kunskapsforbundet.se\/app\/uploads\/sites\/3\/2021\/11\/DSC2067-Redigera-1-768x511.jpg 768w, https:\/\/kunskapsforbundet.se\/app\/uploads\/sites\/3\/2021\/11\/DSC2067-Redigera-1-1536x1022.jpg 1536w\" sizes=\"auto, (max-width: 1024px) 100vw, 1024px\" \/><\/figure>\n\n\n\n<figure class=\"wp-block-image size-large\"><img loading=\"lazy\" decoding=\"async\" width=\"1024\" height=\"681\" data-id=\"4955\" src=\"https:\/\/kunskapsforbundet.se\/app\/uploads\/sites\/3\/2021\/11\/DSC2033-Redigera-1-1024x681.jpg\" alt=\"\" class=\"wp-image-4955\" srcset=\"https:\/\/kunskapsforbundet.se\/app\/uploads\/sites\/3\/2021\/11\/DSC2033-Redigera-1-1024x681.jpg 1024w, https:\/\/kunskapsforbundet.se\/app\/uploads\/sites\/3\/2021\/11\/DSC2033-Redigera-1-300x200.jpg 300w, https:\/\/kunskapsforbundet.se\/app\/uploads\/sites\/3\/2021\/11\/DSC2033-Redigera-1-768x511.jpg 768w, https:\/\/kunskapsforbundet.se\/app\/uploads\/sites\/3\/2021\/11\/DSC2033-Redigera-1-1536x1022.jpg 1536w, https:\/\/kunskapsforbundet.se\/app\/uploads\/sites\/3\/2021\/11\/DSC2033-Redigera-1-2048x1363.jpg 2048w\" sizes=\"auto, (max-width: 1024px) 100vw, 1024px\" \/><\/figure>\n\n\n\n<figure class=\"wp-block-image size-large\"><img loading=\"lazy\" decoding=\"async\" width=\"6016\" height=\"4003\" data-id=\"4953\" src=\"https:\/\/kunskapsforbundet.se\/app\/uploads\/sites\/3\/2021\/11\/DSC1966-Redigera-1.jpg\" alt=\"\" class=\"wp-image-4953\"\/><\/figure>\n\n\n\n<figure class=\"wp-block-image size-large\"><img loading=\"lazy\" decoding=\"async\" width=\"1024\" height=\"684\" data-id=\"4951\" src=\"https:\/\/kunskapsforbundet.se\/app\/uploads\/sites\/3\/2021\/11\/DSC1954-Redigera-1-1024x684.jpg\" alt=\"\" class=\"wp-image-4951\" srcset=\"https:\/\/kunskapsforbundet.se\/app\/uploads\/sites\/3\/2021\/11\/DSC1954-Redigera-1-1024x684.jpg 1024w, https:\/\/kunskapsforbundet.se\/app\/uploads\/sites\/3\/2021\/11\/DSC1954-Redigera-1-300x200.jpg 300w, https:\/\/kunskapsforbundet.se\/app\/uploads\/sites\/3\/2021\/11\/DSC1954-Redigera-1-768x513.jpg 768w, https:\/\/kunskapsforbundet.se\/app\/uploads\/sites\/3\/2021\/11\/DSC1954-Redigera-1-1536x1025.jpg 1536w, https:\/\/kunskapsforbundet.se\/app\/uploads\/sites\/3\/2021\/11\/DSC1954-Redigera-1-2048x1367.jpg 2048w\" sizes=\"auto, (max-width: 1024px) 100vw, 1024px\" \/><\/figure>\n\n\n\n<figure class=\"wp-block-image size-large\"><img loading=\"lazy\" decoding=\"async\" width=\"1024\" height=\"681\" data-id=\"4950\" src=\"https:\/\/kunskapsforbundet.se\/app\/uploads\/sites\/3\/2021\/11\/1SH8668-Redigera-1-1024x681.jpg\" alt=\"\" class=\"wp-image-4950\" srcset=\"https:\/\/kunskapsforbundet.se\/app\/uploads\/sites\/3\/2021\/11\/1SH8668-Redigera-1-1024x681.jpg 1024w, https:\/\/kunskapsforbundet.se\/app\/uploads\/sites\/3\/2021\/11\/1SH8668-Redigera-1-300x200.jpg 300w, https:\/\/kunskapsforbundet.se\/app\/uploads\/sites\/3\/2021\/11\/1SH8668-Redigera-1-768x511.jpg 768w, https:\/\/kunskapsforbundet.se\/app\/uploads\/sites\/3\/2021\/11\/1SH8668-Redigera-1-1536x1022.jpg 1536w, https:\/\/kunskapsforbundet.se\/app\/uploads\/sites\/3\/2021\/11\/1SH8668-Redigera-1-2048x1363.jpg 2048w\" sizes=\"auto, (max-width: 1024px) 100vw, 1024px\" \/><\/figure>\n\n\n\n<figure class=\"wp-block-image size-large\"><img loading=\"lazy\" decoding=\"async\" width=\"1024\" height=\"681\" data-id=\"4948\" src=\"https:\/\/kunskapsforbundet.se\/app\/uploads\/sites\/3\/2021\/11\/1SH8648-Redigera-1-1024x681.jpg\" alt=\"\" class=\"wp-image-4948\" srcset=\"https:\/\/kunskapsforbundet.se\/app\/uploads\/sites\/3\/2021\/11\/1SH8648-Redigera-1-1024x681.jpg 1024w, https:\/\/kunskapsforbundet.se\/app\/uploads\/sites\/3\/2021\/11\/1SH8648-Redigera-1-300x200.jpg 300w, https:\/\/kunskapsforbundet.se\/app\/uploads\/sites\/3\/2021\/11\/1SH8648-Redigera-1-768x511.jpg 768w, https:\/\/kunskapsforbundet.se\/app\/uploads\/sites\/3\/2021\/11\/1SH8648-Redigera-1-1536x1022.jpg 1536w, https:\/\/kunskapsforbundet.se\/app\/uploads\/sites\/3\/2021\/11\/1SH8648-Redigera-1-2048x1363.jpg 2048w\" sizes=\"auto, (max-width: 1024px) 100vw, 1024px\" \/><\/figure>\n\n\n\n<figure class=\"wp-block-image size-large\"><img loading=\"lazy\" decoding=\"async\" width=\"1024\" height=\"681\" data-id=\"4946\" src=\"https:\/\/kunskapsforbundet.se\/app\/uploads\/sites\/3\/2021\/11\/1SH8637-Redigera-1-1024x681.jpg\" alt=\"\" class=\"wp-image-4946\" srcset=\"https:\/\/kunskapsforbundet.se\/app\/uploads\/sites\/3\/2021\/11\/1SH8637-Redigera-1-1024x681.jpg 1024w, https:\/\/kunskapsforbundet.se\/app\/uploads\/sites\/3\/2021\/11\/1SH8637-Redigera-1-300x200.jpg 300w, https:\/\/kunskapsforbundet.se\/app\/uploads\/sites\/3\/2021\/11\/1SH8637-Redigera-1-768x511.jpg 768w, https:\/\/kunskapsforbundet.se\/app\/uploads\/sites\/3\/2021\/11\/1SH8637-Redigera-1-1536x1022.jpg 1536w, https:\/\/kunskapsforbundet.se\/app\/uploads\/sites\/3\/2021\/11\/1SH8637-Redigera-1-2048x1363.jpg 2048w\" sizes=\"auto, (max-width: 1024px) 100vw, 1024px\" \/><\/figure>\n\n\n\n<figure class=\"wp-block-image size-large\"><img loading=\"lazy\" decoding=\"async\" width=\"1024\" height=\"681\" data-id=\"4942\" src=\"https:\/\/kunskapsforbundet.se\/app\/uploads\/sites\/3\/2021\/11\/1SH8617-Redigera-1-1024x681.jpg\" alt=\"\" class=\"wp-image-4942\" srcset=\"https:\/\/kunskapsforbundet.se\/app\/uploads\/sites\/3\/2021\/11\/1SH8617-Redigera-1-1024x681.jpg 1024w, https:\/\/kunskapsforbundet.se\/app\/uploads\/sites\/3\/2021\/11\/1SH8617-Redigera-1-300x200.jpg 300w, https:\/\/kunskapsforbundet.se\/app\/uploads\/sites\/3\/2021\/11\/1SH8617-Redigera-1-768x511.jpg 768w, https:\/\/kunskapsforbundet.se\/app\/uploads\/sites\/3\/2021\/11\/1SH8617-Redigera-1-1536x1022.jpg 1536w, https:\/\/kunskapsforbundet.se\/app\/uploads\/sites\/3\/2021\/11\/1SH8617-Redigera-1-2048x1363.jpg 2048w\" sizes=\"auto, (max-width: 1024px) 100vw, 1024px\" \/><\/figure>\n\n\n\n<figure class=\"wp-block-image size-large\"><img loading=\"lazy\" decoding=\"async\" width=\"1024\" height=\"681\" data-id=\"4943\" src=\"https:\/\/kunskapsforbundet.se\/app\/uploads\/sites\/3\/2021\/11\/1SH8637-Redigera-1024x681.jpg\" alt=\"\" class=\"wp-image-4943\" srcset=\"https:\/\/kunskapsforbundet.se\/app\/uploads\/sites\/3\/2021\/11\/1SH8637-Redigera-1024x681.jpg 1024w, https:\/\/kunskapsforbundet.se\/app\/uploads\/sites\/3\/2021\/11\/1SH8637-Redigera-300x200.jpg 300w, https:\/\/kunskapsforbundet.se\/app\/uploads\/sites\/3\/2021\/11\/1SH8637-Redigera-768x511.jpg 768w, https:\/\/kunskapsforbundet.se\/app\/uploads\/sites\/3\/2021\/11\/1SH8637-Redigera-1536x1022.jpg 1536w, https:\/\/kunskapsforbundet.se\/app\/uploads\/sites\/3\/2021\/11\/1SH8637-Redigera-2048x1363.jpg 2048w\" sizes=\"auto, (max-width: 1024px) 100vw, 1024px\" \/><\/figure>\n\n\n\n<figure class=\"wp-block-image size-large\"><img loading=\"lazy\" decoding=\"async\" width=\"681\" height=\"1024\" data-id=\"4944\" src=\"https:\/\/kunskapsforbundet.se\/app\/uploads\/sites\/3\/2021\/11\/1SH8630-Redigera-1-681x1024.jpg\" alt=\"\" class=\"wp-image-4944\" srcset=\"https:\/\/kunskapsforbundet.se\/app\/uploads\/sites\/3\/2021\/11\/1SH8630-Redigera-1-681x1024.jpg 681w, https:\/\/kunskapsforbundet.se\/app\/uploads\/sites\/3\/2021\/11\/1SH8630-Redigera-1-200x300.jpg 200w, https:\/\/kunskapsforbundet.se\/app\/uploads\/sites\/3\/2021\/11\/1SH8630-Redigera-1-768x1154.jpg 768w, https:\/\/kunskapsforbundet.se\/app\/uploads\/sites\/3\/2021\/11\/1SH8630-Redigera-1-1022x1536.jpg 1022w, https:\/\/kunskapsforbundet.se\/app\/uploads\/sites\/3\/2021\/11\/1SH8630-Redigera-1-1363x2048.jpg 1363w, https:\/\/kunskapsforbundet.se\/app\/uploads\/sites\/3\/2021\/11\/1SH8630-Redigera-1-scaled.jpg 1703w\" sizes=\"auto, (max-width: 681px) 100vw, 681px\" \/><\/figure>\n\n\n\n<figure class=\"wp-block-image size-large\"><img loading=\"lazy\" decoding=\"async\" width=\"1024\" height=\"681\" data-id=\"4940\" src=\"https:\/\/kunskapsforbundet.se\/app\/uploads\/sites\/3\/2021\/11\/1SH8602-Redigera-1-1024x681.jpg\" alt=\"\" class=\"wp-image-4940\" srcset=\"https:\/\/kunskapsforbundet.se\/app\/uploads\/sites\/3\/2021\/11\/1SH8602-Redigera-1-1024x681.jpg 1024w, https:\/\/kunskapsforbundet.se\/app\/uploads\/sites\/3\/2021\/11\/1SH8602-Redigera-1-300x200.jpg 300w, https:\/\/kunskapsforbundet.se\/app\/uploads\/sites\/3\/2021\/11\/1SH8602-Redigera-1-768x511.jpg 768w, https:\/\/kunskapsforbundet.se\/app\/uploads\/sites\/3\/2021\/11\/1SH8602-Redigera-1-1536x1022.jpg 1536w, https:\/\/kunskapsforbundet.se\/app\/uploads\/sites\/3\/2021\/11\/1SH8602-Redigera-1-2048x1363.jpg 2048w\" sizes=\"auto, (max-width: 1024px) 100vw, 1024px\" \/><\/figure>\n\n\n\n<figure class=\"wp-block-image size-large\"><img loading=\"lazy\" decoding=\"async\" width=\"1024\" height=\"681\" data-id=\"4936\" src=\"https:\/\/kunskapsforbundet.se\/app\/uploads\/sites\/3\/2021\/11\/1SH8570-Redigera-1-1024x681.jpg\" alt=\"\" class=\"wp-image-4936\" srcset=\"https:\/\/kunskapsforbundet.se\/app\/uploads\/sites\/3\/2021\/11\/1SH8570-Redigera-1-1024x681.jpg 1024w, https:\/\/kunskapsforbundet.se\/app\/uploads\/sites\/3\/2021\/11\/1SH8570-Redigera-1-300x200.jpg 300w, https:\/\/kunskapsforbundet.se\/app\/uploads\/sites\/3\/2021\/11\/1SH8570-Redigera-1-768x511.jpg 768w, https:\/\/kunskapsforbundet.se\/app\/uploads\/sites\/3\/2021\/11\/1SH8570-Redigera-1-1536x1022.jpg 1536w, https:\/\/kunskapsforbundet.se\/app\/uploads\/sites\/3\/2021\/11\/1SH8570-Redigera-1-2048x1363.jpg 2048w\" sizes=\"auto, (max-width: 1024px) 100vw, 1024px\" \/><\/figure>\n\n\n\n<figure class=\"wp-block-image size-large\"><img loading=\"lazy\" decoding=\"async\" width=\"1024\" height=\"681\" data-id=\"4935\" src=\"https:\/\/kunskapsforbundet.se\/app\/uploads\/sites\/3\/2021\/11\/1SH8589-Redigera-1024x681.jpg\" alt=\"\" class=\"wp-image-4935\" srcset=\"https:\/\/kunskapsforbundet.se\/app\/uploads\/sites\/3\/2021\/11\/1SH8589-Redigera-1024x681.jpg 1024w, https:\/\/kunskapsforbundet.se\/app\/uploads\/sites\/3\/2021\/11\/1SH8589-Redigera-300x200.jpg 300w, https:\/\/kunskapsforbundet.se\/app\/uploads\/sites\/3\/2021\/11\/1SH8589-Redigera-768x511.jpg 768w, https:\/\/kunskapsforbundet.se\/app\/uploads\/sites\/3\/2021\/11\/1SH8589-Redigera-1536x1022.jpg 1536w, https:\/\/kunskapsforbundet.se\/app\/uploads\/sites\/3\/2021\/11\/1SH8589-Redigera-2048x1363.jpg 2048w\" sizes=\"auto, (max-width: 1024px) 100vw, 1024px\" \/><\/figure>\n\n\n\n<figure class=\"wp-block-image size-large\"><img loading=\"lazy\" decoding=\"async\" width=\"1024\" height=\"681\" data-id=\"4934\" src=\"https:\/\/kunskapsforbundet.se\/app\/uploads\/sites\/3\/2021\/11\/1SH8560-Redigera-1-1024x681.jpg\" alt=\"\" class=\"wp-image-4934\" srcset=\"https:\/\/kunskapsforbundet.se\/app\/uploads\/sites\/3\/2021\/11\/1SH8560-Redigera-1-1024x681.jpg 1024w, https:\/\/kunskapsforbundet.se\/app\/uploads\/sites\/3\/2021\/11\/1SH8560-Redigera-1-300x200.jpg 300w, https:\/\/kunskapsforbundet.se\/app\/uploads\/sites\/3\/2021\/11\/1SH8560-Redigera-1-768x511.jpg 768w, https:\/\/kunskapsforbundet.se\/app\/uploads\/sites\/3\/2021\/11\/1SH8560-Redigera-1-1536x1022.jpg 1536w, https:\/\/kunskapsforbundet.se\/app\/uploads\/sites\/3\/2021\/11\/1SH8560-Redigera-1-2048x1363.jpg 2048w\" sizes=\"auto, (max-width: 1024px) 100vw, 1024px\" \/><\/figure>\n\n\n\n<figure class=\"wp-block-image size-large\"><img loading=\"lazy\" decoding=\"async\" width=\"1024\" height=\"681\" data-id=\"4932\" src=\"https:\/\/kunskapsforbundet.se\/app\/uploads\/sites\/3\/2021\/11\/1SH8534-Redigera-1-1024x681.jpg\" alt=\"\" class=\"wp-image-4932\" srcset=\"https:\/\/kunskapsforbundet.se\/app\/uploads\/sites\/3\/2021\/11\/1SH8534-Redigera-1-1024x681.jpg 1024w, https:\/\/kunskapsforbundet.se\/app\/uploads\/sites\/3\/2021\/11\/1SH8534-Redigera-1-300x200.jpg 300w, https:\/\/kunskapsforbundet.se\/app\/uploads\/sites\/3\/2021\/11\/1SH8534-Redigera-1-768x511.jpg 768w, https:\/\/kunskapsforbundet.se\/app\/uploads\/sites\/3\/2021\/11\/1SH8534-Redigera-1-1536x1022.jpg 1536w, https:\/\/kunskapsforbundet.se\/app\/uploads\/sites\/3\/2021\/11\/1SH8534-Redigera-1-2048x1363.jpg 2048w\" sizes=\"auto, (max-width: 1024px) 100vw, 1024px\" \/><\/figure>\n\n\n\n<figure class=\"wp-block-image size-large\"><img loading=\"lazy\" decoding=\"async\" width=\"1024\" height=\"681\" data-id=\"4930\" src=\"https:\/\/kunskapsforbundet.se\/app\/uploads\/sites\/3\/2021\/11\/1SH8529-Redigera-1-1024x681.jpg\" alt=\"\" class=\"wp-image-4930\" srcset=\"https:\/\/kunskapsforbundet.se\/app\/uploads\/sites\/3\/2021\/11\/1SH8529-Redigera-1-1024x681.jpg 1024w, https:\/\/kunskapsforbundet.se\/app\/uploads\/sites\/3\/2021\/11\/1SH8529-Redigera-1-300x200.jpg 300w, https:\/\/kunskapsforbundet.se\/app\/uploads\/sites\/3\/2021\/11\/1SH8529-Redigera-1-768x511.jpg 768w, https:\/\/kunskapsforbundet.se\/app\/uploads\/sites\/3\/2021\/11\/1SH8529-Redigera-1-1536x1022.jpg 1536w, https:\/\/kunskapsforbundet.se\/app\/uploads\/sites\/3\/2021\/11\/1SH8529-Redigera-1-2048x1363.jpg 2048w\" sizes=\"auto, (max-width: 1024px) 100vw, 1024px\" \/><\/figure>\n\n\n\n<figure class=\"wp-block-image size-large\"><img loading=\"lazy\" decoding=\"async\" width=\"1024\" height=\"681\" data-id=\"4928\" src=\"https:\/\/kunskapsforbundet.se\/app\/uploads\/sites\/3\/2021\/11\/1SH8520-Redigera-1-1024x681.jpg\" alt=\"\" class=\"wp-image-4928\" srcset=\"https:\/\/kunskapsforbundet.se\/app\/uploads\/sites\/3\/2021\/11\/1SH8520-Redigera-1-1024x681.jpg 1024w, https:\/\/kunskapsforbundet.se\/app\/uploads\/sites\/3\/2021\/11\/1SH8520-Redigera-1-300x200.jpg 300w, https:\/\/kunskapsforbundet.se\/app\/uploads\/sites\/3\/2021\/11\/1SH8520-Redigera-1-768x511.jpg 768w, https:\/\/kunskapsforbundet.se\/app\/uploads\/sites\/3\/2021\/11\/1SH8520-Redigera-1-1536x1022.jpg 1536w, https:\/\/kunskapsforbundet.se\/app\/uploads\/sites\/3\/2021\/11\/1SH8520-Redigera-1-2048x1363.jpg 2048w\" sizes=\"auto, (max-width: 1024px) 100vw, 1024px\" \/><\/figure>\n\n\n\n<figure class=\"wp-block-image size-large\"><img loading=\"lazy\" decoding=\"async\" width=\"1024\" height=\"681\" data-id=\"4926\" src=\"https:\/\/kunskapsforbundet.se\/app\/uploads\/sites\/3\/2021\/11\/1SH8508-Redigera-1-1024x681.jpg\" alt=\"\" class=\"wp-image-4926\" srcset=\"https:\/\/kunskapsforbundet.se\/app\/uploads\/sites\/3\/2021\/11\/1SH8508-Redigera-1-1024x681.jpg 1024w, https:\/\/kunskapsforbundet.se\/app\/uploads\/sites\/3\/2021\/11\/1SH8508-Redigera-1-300x200.jpg 300w, https:\/\/kunskapsforbundet.se\/app\/uploads\/sites\/3\/2021\/11\/1SH8508-Redigera-1-768x511.jpg 768w, https:\/\/kunskapsforbundet.se\/app\/uploads\/sites\/3\/2021\/11\/1SH8508-Redigera-1-1536x1022.jpg 1536w, https:\/\/kunskapsforbundet.se\/app\/uploads\/sites\/3\/2021\/11\/1SH8508-Redigera-1-2048x1363.jpg 2048w\" sizes=\"auto, (max-width: 1024px) 100vw, 1024px\" \/><\/figure>\n\n\n\n<figure class=\"wp-block-image size-large\"><img loading=\"lazy\" decoding=\"async\" width=\"1024\" height=\"681\" data-id=\"4925\" src=\"https:\/\/kunskapsforbundet.se\/app\/uploads\/sites\/3\/2021\/11\/1SH8520-Redigera-1024x681.jpg\" alt=\"\" class=\"wp-image-4925\" srcset=\"https:\/\/kunskapsforbundet.se\/app\/uploads\/sites\/3\/2021\/11\/1SH8520-Redigera-1024x681.jpg 1024w, https:\/\/kunskapsforbundet.se\/app\/uploads\/sites\/3\/2021\/11\/1SH8520-Redigera-300x200.jpg 300w, https:\/\/kunskapsforbundet.se\/app\/uploads\/sites\/3\/2021\/11\/1SH8520-Redigera-768x511.jpg 768w, https:\/\/kunskapsforbundet.se\/app\/uploads\/sites\/3\/2021\/11\/1SH8520-Redigera-1536x1022.jpg 1536w, https:\/\/kunskapsforbundet.se\/app\/uploads\/sites\/3\/2021\/11\/1SH8520-Redigera-2048x1363.jpg 2048w\" sizes=\"auto, (max-width: 1024px) 100vw, 1024px\" \/><\/figure>\n\n\n\n<figure class=\"wp-block-image size-large\"><img loading=\"lazy\" decoding=\"async\" width=\"1024\" height=\"681\" data-id=\"4924\" src=\"https:\/\/kunskapsforbundet.se\/app\/uploads\/sites\/3\/2021\/11\/1SH8498-Redigera-1-1024x681.jpg\" alt=\"\" class=\"wp-image-4924\" srcset=\"https:\/\/kunskapsforbundet.se\/app\/uploads\/sites\/3\/2021\/11\/1SH8498-Redigera-1-1024x681.jpg 1024w, https:\/\/kunskapsforbundet.se\/app\/uploads\/sites\/3\/2021\/11\/1SH8498-Redigera-1-300x200.jpg 300w, https:\/\/kunskapsforbundet.se\/app\/uploads\/sites\/3\/2021\/11\/1SH8498-Redigera-1-768x511.jpg 768w, https:\/\/kunskapsforbundet.se\/app\/uploads\/sites\/3\/2021\/11\/1SH8498-Redigera-1-1536x1022.jpg 1536w, https:\/\/kunskapsforbundet.se\/app\/uploads\/sites\/3\/2021\/11\/1SH8498-Redigera-1-2048x1363.jpg 2048w\" sizes=\"auto, (max-width: 1024px) 100vw, 1024px\" \/><\/figure>\n\n\n\n<figure class=\"wp-block-image size-large\"><img loading=\"lazy\" decoding=\"async\" width=\"1024\" height=\"681\" data-id=\"4922\" src=\"https:\/\/kunskapsforbundet.se\/app\/uploads\/sites\/3\/2021\/11\/1SH8485-Redigera-1-1024x681.jpg\" alt=\"\" class=\"wp-image-4922\" srcset=\"https:\/\/kunskapsforbundet.se\/app\/uploads\/sites\/3\/2021\/11\/1SH8485-Redigera-1-1024x681.jpg 1024w, https:\/\/kunskapsforbundet.se\/app\/uploads\/sites\/3\/2021\/11\/1SH8485-Redigera-1-300x200.jpg 300w, https:\/\/kunskapsforbundet.se\/app\/uploads\/sites\/3\/2021\/11\/1SH8485-Redigera-1-768x511.jpg 768w, https:\/\/kunskapsforbundet.se\/app\/uploads\/sites\/3\/2021\/11\/1SH8485-Redigera-1-1536x1022.jpg 1536w, https:\/\/kunskapsforbundet.se\/app\/uploads\/sites\/3\/2021\/11\/1SH8485-Redigera-1-2048x1363.jpg 2048w\" sizes=\"auto, (max-width: 1024px) 100vw, 1024px\" \/><\/figure>\n\n\n\n<figure class=\"wp-block-image size-large\"><img loading=\"lazy\" decoding=\"async\" width=\"1024\" height=\"681\" data-id=\"4920\" src=\"https:\/\/kunskapsforbundet.se\/app\/uploads\/sites\/3\/2021\/11\/1SH8480-Redigera-1-1024x681.jpg\" alt=\"\" class=\"wp-image-4920\" srcset=\"https:\/\/kunskapsforbundet.se\/app\/uploads\/sites\/3\/2021\/11\/1SH8480-Redigera-1-1024x681.jpg 1024w, https:\/\/kunskapsforbundet.se\/app\/uploads\/sites\/3\/2021\/11\/1SH8480-Redigera-1-300x200.jpg 300w, https:\/\/kunskapsforbundet.se\/app\/uploads\/sites\/3\/2021\/11\/1SH8480-Redigera-1-768x511.jpg 768w, https:\/\/kunskapsforbundet.se\/app\/uploads\/sites\/3\/2021\/11\/1SH8480-Redigera-1-1536x1022.jpg 1536w, https:\/\/kunskapsforbundet.se\/app\/uploads\/sites\/3\/2021\/11\/1SH8480-Redigera-1-2048x1363.jpg 2048w\" sizes=\"auto, (max-width: 1024px) 100vw, 1024px\" \/><\/figure>\n\n\n\n<figure class=\"wp-block-image size-large\"><img loading=\"lazy\" decoding=\"async\" width=\"1024\" height=\"681\" data-id=\"4918\" src=\"https:\/\/kunskapsforbundet.se\/app\/uploads\/sites\/3\/2021\/11\/1SH8467-Redigera-1-1024x681.jpg\" alt=\"\" class=\"wp-image-4918\" srcset=\"https:\/\/kunskapsforbundet.se\/app\/uploads\/sites\/3\/2021\/11\/1SH8467-Redigera-1-1024x681.jpg 1024w, https:\/\/kunskapsforbundet.se\/app\/uploads\/sites\/3\/2021\/11\/1SH8467-Redigera-1-300x200.jpg 300w, https:\/\/kunskapsforbundet.se\/app\/uploads\/sites\/3\/2021\/11\/1SH8467-Redigera-1-768x511.jpg 768w, https:\/\/kunskapsforbundet.se\/app\/uploads\/sites\/3\/2021\/11\/1SH8467-Redigera-1-1536x1022.jpg 1536w, https:\/\/kunskapsforbundet.se\/app\/uploads\/sites\/3\/2021\/11\/1SH8467-Redigera-1-2048x1363.jpg 2048w\" sizes=\"auto, (max-width: 1024px) 100vw, 1024px\" \/><\/figure>\n\n\n\n<figure class=\"wp-block-image size-large\"><img loading=\"lazy\" decoding=\"async\" width=\"1024\" height=\"681\" data-id=\"4916\" src=\"https:\/\/kunskapsforbundet.se\/app\/uploads\/sites\/3\/2021\/11\/1SH8458-Redigera-1-1024x681.jpg\" alt=\"\" class=\"wp-image-4916\" srcset=\"https:\/\/kunskapsforbundet.se\/app\/uploads\/sites\/3\/2021\/11\/1SH8458-Redigera-1-1024x681.jpg 1024w, https:\/\/kunskapsforbundet.se\/app\/uploads\/sites\/3\/2021\/11\/1SH8458-Redigera-1-300x200.jpg 300w, https:\/\/kunskapsforbundet.se\/app\/uploads\/sites\/3\/2021\/11\/1SH8458-Redigera-1-768x511.jpg 768w, https:\/\/kunskapsforbundet.se\/app\/uploads\/sites\/3\/2021\/11\/1SH8458-Redigera-1-1536x1022.jpg 1536w, https:\/\/kunskapsforbundet.se\/app\/uploads\/sites\/3\/2021\/11\/1SH8458-Redigera-1-2048x1363.jpg 2048w\" sizes=\"auto, (max-width: 1024px) 100vw, 1024px\" \/><\/figure>\n\n\n\n<figure class=\"wp-block-image size-large\"><img loading=\"lazy\" decoding=\"async\" width=\"1024\" height=\"681\" data-id=\"4912\" src=\"https:\/\/kunskapsforbundet.se\/app\/uploads\/sites\/3\/2021\/11\/1SH8455-Redigera-1024x681.jpg\" alt=\"\" class=\"wp-image-4912\" srcset=\"https:\/\/kunskapsforbundet.se\/app\/uploads\/sites\/3\/2021\/11\/1SH8455-Redigera-1024x681.jpg 1024w, https:\/\/kunskapsforbundet.se\/app\/uploads\/sites\/3\/2021\/11\/1SH8455-Redigera-300x200.jpg 300w, https:\/\/kunskapsforbundet.se\/app\/uploads\/sites\/3\/2021\/11\/1SH8455-Redigera-768x511.jpg 768w, https:\/\/kunskapsforbundet.se\/app\/uploads\/sites\/3\/2021\/11\/1SH8455-Redigera-1536x1022.jpg 1536w, https:\/\/kunskapsforbundet.se\/app\/uploads\/sites\/3\/2021\/11\/1SH8455-Redigera-2048x1363.jpg 2048w\" sizes=\"auto, (max-width: 1024px) 100vw, 1024px\" \/><\/figure>\n\n\n\n<figure class=\"wp-block-image size-large\"><img loading=\"lazy\" decoding=\"async\" width=\"1024\" height=\"681\" data-id=\"4911\" src=\"https:\/\/kunskapsforbundet.se\/app\/uploads\/sites\/3\/2021\/11\/DSC2152-Redigera-1024x681.jpg\" alt=\"\" class=\"wp-image-4911\" srcset=\"https:\/\/kunskapsforbundet.se\/app\/uploads\/sites\/3\/2021\/11\/DSC2152-Redigera-1024x681.jpg 1024w, https:\/\/kunskapsforbundet.se\/app\/uploads\/sites\/3\/2021\/11\/DSC2152-Redigera-300x200.jpg 300w, https:\/\/kunskapsforbundet.se\/app\/uploads\/sites\/3\/2021\/11\/DSC2152-Redigera-768x511.jpg 768w, https:\/\/kunskapsforbundet.se\/app\/uploads\/sites\/3\/2021\/11\/DSC2152-Redigera-1536x1022.jpg 1536w, https:\/\/kunskapsforbundet.se\/app\/uploads\/sites\/3\/2021\/11\/DSC2152-Redigera-2048x1363.jpg 2048w\" sizes=\"auto, (max-width: 1024px) 100vw, 1024px\" \/><\/figure>\n<\/figure>\n","protected":false},"excerpt":{"rendered":"","protected":false},"author":34,"featured_media":0,"parent":0,"menu_order":0,"comment_status":"closed","ping_status":"closed","template":"","meta":{"_acf_changed":false,"footnotes":""},"class_list":["post-4910","page","type-page","status-publish","hentry"],"acf":[],"_links":{"self":[{"href":"https:\/\/kunskapsforbundet.se\/birger-sjoberggymnasiet\/wp-json\/wp\/v2\/pages\/4910","targetHints":{"allow":["GET"]}}],"collection":[{"href":"https:\/\/kunskapsforbundet.se\/birger-sjoberggymnasiet\/wp-json\/wp\/v2\/pages"}],"about":[{"href":"https:\/\/kunskapsforbundet.se\/birger-sjoberggymnasiet\/wp-json\/wp\/v2\/types\/page"}],"author":[{"embeddable":true,"href":"https:\/\/kunskapsforbundet.se\/birger-sjoberggymnasiet\/wp-json\/wp\/v2\/users\/34"}],"replies":[{"embeddable":true,"href":"https:\/\/kunskapsforbundet.se\/birger-sjoberggymnasiet\/wp-json\/wp\/v2\/comments?post=4910"}],"version-history":[{"count":3,"href":"https:\/\/kunskapsforbundet.se\/birger-sjoberggymnasiet\/wp-json\/wp\/v2\/pages\/4910\/revisions"}],"predecessor-version":[{"id":7358,"href":"https:\/\/kunskapsforbundet.se\/birger-sjoberggymnasiet\/wp-json\/wp\/v2\/pages\/4910\/revisions\/7358"}],"wp:attachment":[{"href":"https:\/\/kunskapsforbundet.se\/birger-sjoberggymnasiet\/wp-json\/wp\/v2\/media?parent=4910"}],"curies":[{"name":"wp","href":"https:\/\/api.w.org\/{rel}","templated":true}]}}