{"id":3838,"date":"2020-12-23T08:10:25","date_gmt":"2020-12-23T07:10:25","guid":{"rendered":"https:\/\/www.kunskapsforbundet.se\/birger-sjoberggymnasiet\/?page_id=3838"},"modified":"2025-04-11T08:16:19","modified_gmt":"2025-04-11T06:16:19","slug":"internationalisering","status":"publish","type":"page","link":"https:\/\/kunskapsforbundet.se\/birger-sjoberggymnasiet\/internationalisering\/","title":{"rendered":"Internationalisering"},"content":{"rendered":"\n<div class=\"pages__ingress pb-4 mb-0\"><p>P\u00e5 Birger Sj\u00f6berggymnasiet arbetar vi aktivt med olika internationaliseringsprojekt. <\/p><\/div>\n\n\n<p>Under m\u00e5nga \u00e5r har det p\u00e5g\u00e5tt ett internationaliseringsarbete p\u00e5 Birger Sj\u00f6berggymnasiet, allt fr\u00e5n v\u00e4nortssamarbete, utbytesprojekt, APL utomlands till fortbildning av personal som g\u00e5tt kurser och jobbskuggat kollegor fr\u00e5n andra l\u00e4nder. Skolan har genom sina internationella samarbeten byggt upp ett brett nationellt och internationellt kontaktn\u00e4t.<\/p>\n<p>\ud83d\udd39 Vi \u00e4r en certifierad ambassad\u00f6rsskola f\u00f6r EU och har \u00e4ven en utbildad Skolambassad\u00f6r f\u00f6r EU. Varje \u00e5r uppm\u00e4rksammar vi EU-dagen, som arrangeras av v\u00e5ra juniorambassad\u00f6rer och internationella spr\u00e5kdagen.<\/p>\n<p>\ud83d\udd39 Birger Sj\u00f6berggymnasiet har under m\u00e5nga \u00e5r \u00e4ven deltagit i Euroscola, ett projekt som startades av EU-parlamentet och som ger elever fr\u00e5n alla EU:s medlemsstater m\u00f6jlighet, att f\u00f6r en dag prova p\u00e5 att vara Europaparlamentariker i Strasbourg.<\/p>\n<p>\ud83d\udd39 Vi har deltagit med m\u00e5nga projekt i Erasmus+ programmen, som projektpartners och projekt\u00e4gare, skickat personal p\u00e5 jobbskuggning och p\u00e5 kurser runt om i Europa.<\/p>\n<p>\ud83d\udd39Atlasprogrammen, Atlas partnerskap, Atlas praktik och Atlas planering anv\u00e4nder vi oss av varje \u00e5r i olika projekt. V\u00e5ra spr\u00e5kelever f\u00e5r m\u00f6jlighet att utveckla sina spr\u00e5kkunskaper genom att f\u00e5 vara med p\u00e5 spr\u00e5kresor, som l\u00e4rarna i moderna spr\u00e5k anordnar.<\/p>\n<p>\ud83d\udd39 Vi \u00e4r v\u00e4rdskola f\u00f6r kollegor fr\u00e5n andra l\u00e4nder som vill jobbskugga hos oss och har utbytesstudenter som deltar i ordinarie undervisning.<\/p>","protected":false},"excerpt":{"rendered":"<p>Under m\u00e5nga \u00e5r har det p\u00e5g\u00e5tt ett internationaliseringsarbete p\u00e5 Birger Sj\u00f6berggymnasiet, allt fr\u00e5n v\u00e4nortssamarbete, utbytesprojekt, APL utomlands till fortbildning av personal som g\u00e5tt kurser och jobbskuggat kollegor fr\u00e5n andra l\u00e4nder. Skolan har genom sina internationella samarbeten byggt upp ett brett nationellt och internationellt kontaktn\u00e4t. \ud83d\udd39 Vi \u00e4r en certifierad ambassad\u00f6rsskola f\u00f6r EU och har \u00e4ven [&hellip;]<\/p>\n","protected":false},"author":34,"featured_media":3869,"parent":0,"menu_order":0,"comment_status":"closed","ping_status":"closed","template":"","meta":{"_acf_changed":false,"footnotes":""},"class_list":["post-3838","page","type-page","status-publish","has-post-thumbnail","hentry"],"acf":[],"_links":{"self":[{"href":"https:\/\/kunskapsforbundet.se\/birger-sjoberggymnasiet\/wp-json\/wp\/v2\/pages\/3838","targetHints":{"allow":["GET"]}}],"collection":[{"href":"https:\/\/kunskapsforbundet.se\/birger-sjoberggymnasiet\/wp-json\/wp\/v2\/pages"}],"about":[{"href":"https:\/\/kunskapsforbundet.se\/birger-sjoberggymnasiet\/wp-json\/wp\/v2\/types\/page"}],"author":[{"embeddable":true,"href":"https:\/\/kunskapsforbundet.se\/birger-sjoberggymnasiet\/wp-json\/wp\/v2\/users\/34"}],"replies":[{"embeddable":true,"href":"https:\/\/kunskapsforbundet.se\/birger-sjoberggymnasiet\/wp-json\/wp\/v2\/comments?post=3838"}],"version-history":[{"count":41,"href":"https:\/\/kunskapsforbundet.se\/birger-sjoberggymnasiet\/wp-json\/wp\/v2\/pages\/3838\/revisions"}],"predecessor-version":[{"id":6925,"href":"https:\/\/kunskapsforbundet.se\/birger-sjoberggymnasiet\/wp-json\/wp\/v2\/pages\/3838\/revisions\/6925"}],"wp:featuredmedia":[{"embeddable":true,"href":"https:\/\/kunskapsforbundet.se\/birger-sjoberggymnasiet\/wp-json\/wp\/v2\/media\/3869"}],"wp:attachment":[{"href":"https:\/\/kunskapsforbundet.se\/birger-sjoberggymnasiet\/wp-json\/wp\/v2\/media?parent=3838"}],"curies":[{"name":"wp","href":"https:\/\/api.w.org\/{rel}","templated":true}]}}