{"id":309,"date":"2014-07-31T14:32:53","date_gmt":"2014-07-31T12:32:53","guid":{"rendered":"https:\/\/www.kunskapsforbundet.se\/birger-sjoberggymnasiet\/?page_id=309"},"modified":"2024-08-29T10:12:28","modified_gmt":"2024-08-29T08:12:28","slug":"elevdatorer","status":"publish","type":"page","link":"https:\/\/kunskapsforbundet.se\/birger-sjoberggymnasiet\/elevdatorer\/","title":{"rendered":"Elevdatorer"},"content":{"rendered":"\n<div class=\"pages__ingress pb-4 mb-0\"><p class=\"wp-block-ggb-block-feature__ingress\">Alla elever hos Kunskapsf\u00f6rbundet f\u00e5r l\u00e5na en dator f\u00f6r studier.<\/p><\/div>\n\n\n<p>F\u00f6r att kvittera ut datorn kr\u00e4vs det att v\u00e5rdnadshavare eller myndig elev fyller i v\u00e5rt avtal genom att logga in i v\u00e5r e-tj\u00e4nst och godk\u00e4nner avtalet (se l\u00e4nk nedan). N\u00e4r det \u00e4r dags f\u00f6r dig och din klass att f\u00e5 era datorer tr\u00e4ffar ni skolans IT-handledare som g\u00e5r igenom avtalet med er.\u00a0<\/p>\n\n\n<p><strong>Avtal f\u00f6r l\u00e5n av elevdator<\/strong><br>Kunskapsf\u00f6rbundet V\u00e4st erbjuder elever, att genom l\u00e5n, disponera en elevdator under sin studietid. Med elevdator menas i detta fall en HP Chromebook eller PC. Vilken dator du som elev f\u00e5r l\u00e5na beror p\u00e5 vilken kurs eller program du l\u00e4ser. En elevdator ska ses som ett l\u00e4romedel och \u00e4r avsedd att vara elevernas arbetsredskap i skolarbetet varje skoldag under hela utbildningsperioden.<br><br>F\u00f6r att kvittera ut en elevdator kr\u00e4vs ett godk\u00e4nnande av ett avtal samt skolans g\u00e4llande regler och riktlinjer. Genom godk\u00e4nnandet accepteras villkoren i avtalet. Godk\u00e4nt avtal ses \u00e4ven som en kvittens att man har l\u00e5nat en elevdator. Vid \u00e5terl\u00e4mning makuleras avtalet. Personuppgifter i avtalet skyddas enligt GDPR. <br><br><strong>Godk\u00e4nn avtalet <\/strong><br>L\u00e4s mer om villkoren och avtalet i e-tj\u00e4nsten: <a href=\"https:\/\/minasidor.kunskapsforbundet.se\/67\">https:\/\/minasidor.kunskapsforbundet.se\/67<\/a><br><\/p>\n","protected":false},"excerpt":{"rendered":"<p>F\u00f6r att kvittera ut datorn kr\u00e4vs det att v\u00e5rdnadshavare eller myndig elev fyller i v\u00e5rt avtal genom att logga in i v\u00e5r e-tj\u00e4nst och godk\u00e4nner avtalet (se l\u00e4nk nedan). N\u00e4r det \u00e4r dags f\u00f6r dig och din klass att f\u00e5 era datorer tr\u00e4ffar ni skolans IT-handledare som g\u00e5r igenom avtalet med er.\u00a0 Avtal f\u00f6r l\u00e5n [&hellip;]<\/p>\n","protected":false},"author":6,"featured_media":4576,"parent":0,"menu_order":0,"comment_status":"closed","ping_status":"closed","template":"","meta":{"_acf_changed":false,"footnotes":""},"class_list":["post-309","page","type-page","status-publish","has-post-thumbnail","hentry"],"acf":[],"_links":{"self":[{"href":"https:\/\/kunskapsforbundet.se\/birger-sjoberggymnasiet\/wp-json\/wp\/v2\/pages\/309","targetHints":{"allow":["GET"]}}],"collection":[{"href":"https:\/\/kunskapsforbundet.se\/birger-sjoberggymnasiet\/wp-json\/wp\/v2\/pages"}],"about":[{"href":"https:\/\/kunskapsforbundet.se\/birger-sjoberggymnasiet\/wp-json\/wp\/v2\/types\/page"}],"author":[{"embeddable":true,"href":"https:\/\/kunskapsforbundet.se\/birger-sjoberggymnasiet\/wp-json\/wp\/v2\/users\/6"}],"replies":[{"embeddable":true,"href":"https:\/\/kunskapsforbundet.se\/birger-sjoberggymnasiet\/wp-json\/wp\/v2\/comments?post=309"}],"version-history":[{"count":24,"href":"https:\/\/kunskapsforbundet.se\/birger-sjoberggymnasiet\/wp-json\/wp\/v2\/pages\/309\/revisions"}],"predecessor-version":[{"id":6210,"href":"https:\/\/kunskapsforbundet.se\/birger-sjoberggymnasiet\/wp-json\/wp\/v2\/pages\/309\/revisions\/6210"}],"wp:featuredmedia":[{"embeddable":true,"href":"https:\/\/kunskapsforbundet.se\/birger-sjoberggymnasiet\/wp-json\/wp\/v2\/media\/4576"}],"wp:attachment":[{"href":"https:\/\/kunskapsforbundet.se\/birger-sjoberggymnasiet\/wp-json\/wp\/v2\/media?parent=309"}],"curies":[{"name":"wp","href":"https:\/\/api.w.org\/{rel}","templated":true}]}}