{"id":2911,"date":"2019-04-30T11:05:02","date_gmt":"2019-04-30T09:05:02","guid":{"rendered":"https:\/\/www.kunskapsforbundet.se\/birger-sjoberggymnasiet\/?page_id=2911"},"modified":"2026-01-20T16:54:52","modified_gmt":"2026-01-20T15:54:52","slug":"lokal-ishockeyprofil","status":"publish","type":"page","link":"https:\/\/kunskapsforbundet.se\/birger-sjoberggymnasiet\/lokal-ishockeyprofil\/","title":{"rendered":"Ishockey (LIU)"},"content":{"rendered":"\n<div class=\"pages__ingress pb-4 mb-0\"><p class=\"wp-block-ggb-block-feature__ingress\"><em>Birger Sj\u00f6berggymnasiet erbjuder i samarbete med V\u00e4nersborgs HC en lokal idrottsutbildning (LIU) i Ishockey. Oavsett vilket gymnasieprogram du v\u00e4ljer kan du som individuellt val, redan fr\u00e5n \u00e5k1, l\u00e4sa \u00e4mnet T\u00e4vlingsidrott niv\u00e5 1 och 2.<\/em><\/p><\/div>\n\n\n\n<h3 class=\"wp-block-heading\">Utbildningen innefattar:<\/h3>\n\n\n\n<ul class=\"wp-block-list\">\n<li>Tv\u00e5-tre ispass i veckan under schematiden f\u00f6r individuellt val.<\/li>\n\n\n\n<li>Fokus p\u00e5 individuell spelarutveckling.<\/li>\n\n\n\n<li>Tr\u00e4ningen leds av utbildad instrukt\u00f6r.<\/li>\n\n\n\n<li>M\u00e5l och riktlinjer f\u00f6r utbildningen har utarbetats av Svenska Ishockeyf\u00f6rbundets Utvecklingsavdelning och Hockeygymnasieutskottet.<\/li>\n\n\n\n<li>Individuell utvecklingsplan.<\/li>\n\n\n\n<li>Teoretiska tillf\u00e4llen med inneh\u00e5ll s\u00e5som tr\u00e4ningsl\u00e4ra, kost och idrottsskador. Dessa genomf\u00f6rs av l\u00e4rare p\u00e5 Birger Sj\u00f6berggymnasiet.<\/li>\n<\/ul>\n\n\n\n<h3 class=\"wp-block-heading\">Hur ans\u00f6ker jag?<\/h3>\n\n\n\n<p>Intresseanm\u00e4lan sker senast den 2 februari genom att maila Peter Andersson, ansvarig instrukt\u00f6r V\u00e4nersborgs HC. Enda krav f\u00f6r anm\u00e4lan \u00e4r att du \u00e4r aktiv ishockeyspelare i en f\u00f6rening.<br>Mail: <a href=\"mailto:peter.andersson@vanersborgshockey.se\">peter.andersson@vanersborgshockey.se<\/a><br><\/p>\n\n\n\n<div style=\"height:20px\" aria-hidden=\"true\" class=\"wp-block-spacer\"><\/div>\n\n\n\n<hr class=\"wp-block-separator has-alpha-channel-opacity\"\/>\n\n\n<p><img loading=\"lazy\" decoding=\"async\" class=\"img-responsive img-responsive wp-image-2915  alignright\" src=\"https:\/\/www.kunskapsforbundet.se\/birger-sjoberggymnasiet\/wp-content\/uploads\/sites\/3\/2019\/04\/Logga-lokal_ishockeyprofil-01-300x279.png\" alt=\"\" width=\"278\" height=\"259\" srcset=\"https:\/\/kunskapsforbundet.se\/app\/uploads\/sites\/3\/2019\/04\/Logga-lokal_ishockeyprofil-01-300x279.png 300w, https:\/\/kunskapsforbundet.se\/app\/uploads\/sites\/3\/2019\/04\/Logga-lokal_ishockeyprofil-01-768x715.png 768w, https:\/\/kunskapsforbundet.se\/app\/uploads\/sites\/3\/2019\/04\/Logga-lokal_ishockeyprofil-01-1024x953.png 1024w, https:\/\/kunskapsforbundet.se\/app\/uploads\/sites\/3\/2019\/04\/Logga-lokal_ishockeyprofil-01-360x335.png 360w, https:\/\/kunskapsforbundet.se\/app\/uploads\/sites\/3\/2019\/04\/Logga-lokal_ishockeyprofil-01-555x516.png 555w, https:\/\/kunskapsforbundet.se\/app\/uploads\/sites\/3\/2019\/04\/Logga-lokal_ishockeyprofil-01-750x698.png 750w, https:\/\/kunskapsforbundet.se\/app\/uploads\/sites\/3\/2019\/04\/Logga-lokal_ishockeyprofil-01-1140x1061.png 1140w, https:\/\/kunskapsforbundet.se\/app\/uploads\/sites\/3\/2019\/04\/Logga-lokal_ishockeyprofil-01-200x186.png 200w\" sizes=\"auto, (max-width: 278px) 100vw, 278px\" \/><\/p>\n<p><strong>TILLSTYRKANSBEVIS<\/strong><\/p>\n<p>Birger Sj\u00f6bergsgymnasiet i V\u00e4nersborgs kommun i samverkan med ishockeyf\u00f6reningen V\u00e4nersborgs HC har av Svenska Ishockeyf\u00f6rbundet klassificerats som rekommenderad lokal ishockeyprofil.<\/p>\n<p>Tillstyrkan inneb\u00e4r att verksamheten skall f\u00f6lja Svenska Ishockeyf\u00f6rbundets fastst\u00e4llda riktlinjer f\u00f6r lokal idrottsutbildning i Ishockey.<\/p>\n<p><em>SVENSKA ISHOCKEYF\u00d6RBUNDET<br \/>Utvecklingsavdelningen<\/em><\/p>\n\n\n<p><\/p>\n\n\n<\/p>\n<p><\/p>","protected":false},"excerpt":{"rendered":"<p>Utbildningen innefattar: Hur ans\u00f6ker jag? Intresseanm\u00e4lan sker senast den 2 februari genom att maila Peter Andersson, ansvarig instrukt\u00f6r V\u00e4nersborgs HC. Enda krav f\u00f6r anm\u00e4lan \u00e4r att du \u00e4r aktiv ishockeyspelare i en f\u00f6rening.Mail: peter.andersson@vanersborgshockey.se TILLSTYRKANSBEVIS Birger Sj\u00f6bergsgymnasiet i V\u00e4nersborgs kommun i samverkan med ishockeyf\u00f6reningen V\u00e4nersborgs HC har av Svenska Ishockeyf\u00f6rbundet klassificerats som rekommenderad lokal ishockeyprofil. [&hellip;]<\/p>\n","protected":false},"author":37,"featured_media":6477,"parent":0,"menu_order":0,"comment_status":"closed","ping_status":"closed","template":"","meta":{"_acf_changed":false,"footnotes":""},"class_list":["post-2911","page","type-page","status-publish","has-post-thumbnail","hentry"],"acf":[],"_links":{"self":[{"href":"https:\/\/kunskapsforbundet.se\/birger-sjoberggymnasiet\/wp-json\/wp\/v2\/pages\/2911","targetHints":{"allow":["GET"]}}],"collection":[{"href":"https:\/\/kunskapsforbundet.se\/birger-sjoberggymnasiet\/wp-json\/wp\/v2\/pages"}],"about":[{"href":"https:\/\/kunskapsforbundet.se\/birger-sjoberggymnasiet\/wp-json\/wp\/v2\/types\/page"}],"author":[{"embeddable":true,"href":"https:\/\/kunskapsforbundet.se\/birger-sjoberggymnasiet\/wp-json\/wp\/v2\/users\/37"}],"replies":[{"embeddable":true,"href":"https:\/\/kunskapsforbundet.se\/birger-sjoberggymnasiet\/wp-json\/wp\/v2\/comments?post=2911"}],"version-history":[{"count":39,"href":"https:\/\/kunskapsforbundet.se\/birger-sjoberggymnasiet\/wp-json\/wp\/v2\/pages\/2911\/revisions"}],"predecessor-version":[{"id":7288,"href":"https:\/\/kunskapsforbundet.se\/birger-sjoberggymnasiet\/wp-json\/wp\/v2\/pages\/2911\/revisions\/7288"}],"wp:featuredmedia":[{"embeddable":true,"href":"https:\/\/kunskapsforbundet.se\/birger-sjoberggymnasiet\/wp-json\/wp\/v2\/media\/6477"}],"wp:attachment":[{"href":"https:\/\/kunskapsforbundet.se\/birger-sjoberggymnasiet\/wp-json\/wp\/v2\/media?parent=2911"}],"curies":[{"name":"wp","href":"https:\/\/api.w.org\/{rel}","templated":true}]}}