{"id":280,"date":"2014-07-30T10:48:02","date_gmt":"2014-07-30T08:48:02","guid":{"rendered":"https:\/\/www.kunskapsforbundet.se\/birger-sjoberggymnasiet\/?page_id=280"},"modified":"2026-02-06T12:06:08","modified_gmt":"2026-02-06T11:06:08","slug":"skuggning","status":"publish","type":"page","link":"https:\/\/kunskapsforbundet.se\/birger-sjoberggymnasiet\/skuggning\/","title":{"rendered":"Skuggning"},"content":{"rendered":"\n<div class=\"pages__ingress pb-4 mb-0\"><p>\u00c4r du nyfiken p\u00e5 n\u00e5gon av v\u00e5ra utbildningar? D\u00e5 kan du skugga en elev och f\u00e5 en b\u00e4ttre inblick i hur det \u00e4r att studera hos oss.<\/p><\/div>\n\n\n\n<p>Skuggning inneb\u00e4r att du som elev p\u00e5 grundskolan f\u00e5r komma till oss p\u00e5 gymnasiet f\u00f6r att h\u00e4lsa p\u00e5, och vara med p\u00e5 undervisningen under en dag. Du f\u00e5r en personlig guide, och vi kommer att g\u00f6ra vad vi kan f\u00f6r att du ska f\u00e5 en liten inblick i hur det \u00e4r att vara studerande hos oss.<\/p>\n\n\n\n<h2 class=\"wp-block-heading\">Boka tid f\u00f6r skuggning<\/h2>\n\n\n\n<p>N\u00e4sta tillf\u00e4lle att skugga v\u00e5ra program \u00f6ppnar under <strong>HT26.<\/strong><\/p>\n\n\n\n<p><\/p>\n\n\n\n<h2 class=\"wp-block-heading\">Har du fr\u00e5gor om skuggning<\/h2>\n\n\n\n<p>Vid fr\u00e5gor kontaktar du oss p\u00e5 Birger Sj\u00f6berggymnasiet via <a href=\"mailto:infobsg@kunskapsforbundet.se\">infobsg@kunskapsforbundet.se<\/a> eller 0521-72 18 11.<\/p>\n\n\n\n<p>V\u00e4lkommen!<\/p>\n\n\n\n<p><\/p>\n","protected":false},"excerpt":{"rendered":"<p>Skuggning inneb\u00e4r att du som elev p\u00e5 grundskolan f\u00e5r komma till oss p\u00e5 gymnasiet f\u00f6r att h\u00e4lsa p\u00e5, och vara med p\u00e5 undervisningen under en dag. Du f\u00e5r en personlig guide, och vi kommer att g\u00f6ra vad vi kan f\u00f6r att du ska f\u00e5 en liten inblick i hur det \u00e4r att vara studerande hos [&hellip;]<\/p>\n","protected":false},"author":34,"featured_media":6119,"parent":0,"menu_order":0,"comment_status":"closed","ping_status":"closed","template":"","meta":{"_acf_changed":false,"footnotes":""},"class_list":["post-280","page","type-page","status-publish","has-post-thumbnail","hentry"],"acf":[],"_links":{"self":[{"href":"https:\/\/kunskapsforbundet.se\/birger-sjoberggymnasiet\/wp-json\/wp\/v2\/pages\/280","targetHints":{"allow":["GET"]}}],"collection":[{"href":"https:\/\/kunskapsforbundet.se\/birger-sjoberggymnasiet\/wp-json\/wp\/v2\/pages"}],"about":[{"href":"https:\/\/kunskapsforbundet.se\/birger-sjoberggymnasiet\/wp-json\/wp\/v2\/types\/page"}],"author":[{"embeddable":true,"href":"https:\/\/kunskapsforbundet.se\/birger-sjoberggymnasiet\/wp-json\/wp\/v2\/users\/34"}],"replies":[{"embeddable":true,"href":"https:\/\/kunskapsforbundet.se\/birger-sjoberggymnasiet\/wp-json\/wp\/v2\/comments?post=280"}],"version-history":[{"count":75,"href":"https:\/\/kunskapsforbundet.se\/birger-sjoberggymnasiet\/wp-json\/wp\/v2\/pages\/280\/revisions"}],"predecessor-version":[{"id":7321,"href":"https:\/\/kunskapsforbundet.se\/birger-sjoberggymnasiet\/wp-json\/wp\/v2\/pages\/280\/revisions\/7321"}],"wp:featuredmedia":[{"embeddable":true,"href":"https:\/\/kunskapsforbundet.se\/birger-sjoberggymnasiet\/wp-json\/wp\/v2\/media\/6119"}],"wp:attachment":[{"href":"https:\/\/kunskapsforbundet.se\/birger-sjoberggymnasiet\/wp-json\/wp\/v2\/media?parent=280"}],"curies":[{"name":"wp","href":"https:\/\/api.w.org\/{rel}","templated":true}]}}