{"id":201,"date":"2014-07-21T14:45:18","date_gmt":"2014-07-21T12:45:18","guid":{"rendered":"https:\/\/www.kunskapsforbundet.se\/birger-sjoberggymnasiet\/?page_id=201"},"modified":"2022-09-01T17:18:02","modified_gmt":"2022-09-01T15:18:02","slug":"studie-och-yrkesvagledning","status":"publish","type":"page","link":"https:\/\/kunskapsforbundet.se\/birger-sjoberggymnasiet\/studie-och-yrkesvagledning\/","title":{"rendered":"Studie- och yrkesv\u00e4gledning"},"content":{"rendered":"\n<div class=\"pages__ingress pb-4 mb-0\"><p>Birger Sj\u00f6berggymnasiet har tre studie- och yrkesv\u00e4gledare som du kan kontakta f\u00f6r v\u00e4gledning kring fr\u00e5gor om de olika gymnasieprogrammen och deras kurser.<\/p><\/div>\n\n\n<p>Studie- och yrkesv\u00e4gledare ansvarar f\u00f6r studie- och yrkesv\u00e4gledningen i gymnasieskolan genom att:<\/p>\n<ul>\n<li>delta i skolans arbete med att st\u00e4rka elevernas sj\u00e4lvk\u00e4nnedom s\u00e5 att de kan fatta v\u00e4l underbyggda&nbsp;beslut om framtida studier och arbetsliv utifr\u00e5n sina egna f\u00f6ruts\u00e4ttningar<\/li>\n<li>ha kvalificerade individuella v\u00e4gledningssamtal och ge information i klasser, grupper och enskilt<\/li>\n<li>ge informationsst\u00f6d till \u00f6vrig personal vad g\u00e4ller skola, studier och arbetsliv<\/li>\n<li>ge medicinsk studie- och yrkesv\u00e4gledning i samarbete med elevh\u00e4lsans medicinska kompetens<\/li>\n<li>samverka med andra skolformer, utbildningsf\u00f6retag, arbetsf\u00f6rmedling och f\u00f6rvaltningar<\/li>\n<\/ul>\n<p>Elever som vill byta program eller avbryta studierna ska alltid kontakta studie- och yrkesv\u00e4gledaren.&nbsp;V\u00e5rdnadshavare och elever \u00e4r ut\u00f6ver det alltid v\u00e4lkomna att boka personliga samtal med studie- och yrkesv\u00e4gledaren.<\/p>","protected":false},"excerpt":{"rendered":"<p>Studie- och yrkesv\u00e4gledare ansvarar f\u00f6r studie- och yrkesv\u00e4gledningen i gymnasieskolan genom att: delta i skolans arbete med att st\u00e4rka elevernas sj\u00e4lvk\u00e4nnedom s\u00e5 att de kan fatta v\u00e4l underbyggda&nbsp;beslut om framtida studier och arbetsliv utifr\u00e5n sina egna f\u00f6ruts\u00e4ttningar ha kvalificerade individuella v\u00e4gledningssamtal och ge information i klasser, grupper och enskilt ge informationsst\u00f6d till \u00f6vrig personal vad [&hellip;]<\/p>\n","protected":false},"author":34,"featured_media":4581,"parent":0,"menu_order":0,"comment_status":"closed","ping_status":"closed","template":"","meta":{"_acf_changed":false,"footnotes":""},"class_list":["post-201","page","type-page","status-publish","has-post-thumbnail","hentry"],"acf":[],"_links":{"self":[{"href":"https:\/\/kunskapsforbundet.se\/birger-sjoberggymnasiet\/wp-json\/wp\/v2\/pages\/201","targetHints":{"allow":["GET"]}}],"collection":[{"href":"https:\/\/kunskapsforbundet.se\/birger-sjoberggymnasiet\/wp-json\/wp\/v2\/pages"}],"about":[{"href":"https:\/\/kunskapsforbundet.se\/birger-sjoberggymnasiet\/wp-json\/wp\/v2\/types\/page"}],"author":[{"embeddable":true,"href":"https:\/\/kunskapsforbundet.se\/birger-sjoberggymnasiet\/wp-json\/wp\/v2\/users\/34"}],"replies":[{"embeddable":true,"href":"https:\/\/kunskapsforbundet.se\/birger-sjoberggymnasiet\/wp-json\/wp\/v2\/comments?post=201"}],"version-history":[{"count":11,"href":"https:\/\/kunskapsforbundet.se\/birger-sjoberggymnasiet\/wp-json\/wp\/v2\/pages\/201\/revisions"}],"predecessor-version":[{"id":5291,"href":"https:\/\/kunskapsforbundet.se\/birger-sjoberggymnasiet\/wp-json\/wp\/v2\/pages\/201\/revisions\/5291"}],"wp:featuredmedia":[{"embeddable":true,"href":"https:\/\/kunskapsforbundet.se\/birger-sjoberggymnasiet\/wp-json\/wp\/v2\/media\/4581"}],"wp:attachment":[{"href":"https:\/\/kunskapsforbundet.se\/birger-sjoberggymnasiet\/wp-json\/wp\/v2\/media?parent=201"}],"curies":[{"name":"wp","href":"https:\/\/api.w.org\/{rel}","templated":true}]}}