{"id":192,"date":"2014-07-21T14:36:31","date_gmt":"2014-07-21T12:36:31","guid":{"rendered":"https:\/\/www.kunskapsforbundet.se\/birger-sjoberggymnasiet\/?page_id=192"},"modified":"2025-12-30T11:02:07","modified_gmt":"2025-12-30T10:02:07","slug":"om-skolan","status":"publish","type":"page","link":"https:\/\/kunskapsforbundet.se\/birger-sjoberggymnasiet\/om-skolan\/","title":{"rendered":"Om skolan"},"content":{"rendered":"\n<div class=\"pages__ingress pb-4 mb-0\"><p class=\"wp-block-ggb-block-feature__ingress\">Vi tror att du som v\u00e4ljer att b\u00f6rja p\u00e5 Birger Sj\u00f6berggymnasiet \u00e4r nyfiken p\u00e5 att tr\u00e4ffa nya m\u00e4nniskor, vill utveckla din personlighet och l\u00e4ra dig nya saker.<\/p><\/div>\n\n\n\n<p>V\u00e4lkommen till Birger Sj\u00f6berggymnasiet i V\u00e4nersborg \u2013 en skola d\u00e4r tradition m\u00f6ter innovation! Hos oss f\u00e5r du en utbildning som b\u00e5de \u00e4r utmanande och inspirerande, anpassad f\u00f6r att passa alla framtidsdr\u00f6mmar. V\u00e5ra engagerade l\u00e4rare och moderna undervisningsmetoder s\u00e4kerst\u00e4ller att du f\u00e5r de verktyg du beh\u00f6ver f\u00f6r att lyckas, oavsett om du siktar p\u00e5 h\u00f6gre studier eller att g\u00e5 rakt ut i arbetslivet.<\/p>\n\n\n\n<p>Vi erbjuder ett brett utbud av program och kurser inom b\u00e5de teoretiska och praktiska \u00e4mnen, allt i en st\u00f6ttande milj\u00f6 d\u00e4r varje elevs unika talanger uppm\u00e4rksammas och utvecklas. Skolmilj\u00f6n \u00e4r dynamisk och v\u00e4lkomnande, och vi str\u00e4var efter att skapa en plats d\u00e4r b\u00e5de elever och personal trivs och v\u00e4xer tillsammans.<\/p>\n\n\n\n<p>F\u00f6r att se en helhet i l\u00e4randet och f\u00f6rst\u00e5 hur de olika kurserna h\u00e4nger ihop arbetar vi med projekt, driver f\u00f6retag p\u00e5 de program det \u00e4r m\u00f6jligt och samarbetar med arbetslivet och h\u00f6gskolan. Vi har ocks\u00e5 m\u00e5nga internationella utbyten vilket betyder att du kanske kommer att resa och tr\u00e4ffa elever i ett annat land. Det kan ocks\u00e5 inneb\u00e4ra att du f\u00e5r ta emot bes\u00f6kande elever fr\u00e5n andra l\u00e4nder som kommer hit till V\u00e4nersborg.<\/p>\n\n\n\n<p>P\u00e5 m\u00e5nga program deltar vi i t\u00e4vlingar som Yrkes-SM, Ung f\u00f6retagsamhet, uppfinnar- och design- och matematikt\u00e4vlingar. Birger Sj\u00f6berggymnasiets elever har tagit hem m\u00e5nga medaljer och priser, detta kan vara intr\u00e4det till en lysande karri\u00e4r.<\/p>\n\n\n\n<p>Vi vill att du som elev ska k\u00e4nna dig trygg, ha roligt i skolan och l\u00e4ra dig mer och fortfarande vara nyfiken p\u00e5 att l\u00e4ra dig nya saker n\u00e4r du l\u00e4mnar Birger Sj\u00f6berggymnasiet.&nbsp;<\/p>\n\n\n\n<p>Huvuddelen av verksamheten finns p\u00e5 Idrottsgatan 3 och 7 i n\u00e4ra anslutning till V\u00e4nersborgs Idrottsplats och Arena V\u00e4nersborg.<\/p>\n\n\n\n<p>V\u00e4lkommen till Birger Sj\u00f6berggymnasiet! <\/p>\n\n\n\n<p><\/p>\n","protected":false},"excerpt":{"rendered":"<p>V\u00e4lkommen till Birger Sj\u00f6berggymnasiet i V\u00e4nersborg \u2013 en skola d\u00e4r tradition m\u00f6ter innovation! Hos oss f\u00e5r du en utbildning som b\u00e5de \u00e4r utmanande och inspirerande, anpassad f\u00f6r att passa alla framtidsdr\u00f6mmar. V\u00e5ra engagerade l\u00e4rare och moderna undervisningsmetoder s\u00e4kerst\u00e4ller att du f\u00e5r de verktyg du beh\u00f6ver f\u00f6r att lyckas, oavsett om du siktar p\u00e5 h\u00f6gre studier [&hellip;]<\/p>\n","protected":false},"author":6,"featured_media":4918,"parent":0,"menu_order":0,"comment_status":"closed","ping_status":"closed","template":"","meta":{"_acf_changed":false,"footnotes":""},"class_list":["post-192","page","type-page","status-publish","has-post-thumbnail","hentry"],"acf":[],"_links":{"self":[{"href":"https:\/\/kunskapsforbundet.se\/birger-sjoberggymnasiet\/wp-json\/wp\/v2\/pages\/192","targetHints":{"allow":["GET"]}}],"collection":[{"href":"https:\/\/kunskapsforbundet.se\/birger-sjoberggymnasiet\/wp-json\/wp\/v2\/pages"}],"about":[{"href":"https:\/\/kunskapsforbundet.se\/birger-sjoberggymnasiet\/wp-json\/wp\/v2\/types\/page"}],"author":[{"embeddable":true,"href":"https:\/\/kunskapsforbundet.se\/birger-sjoberggymnasiet\/wp-json\/wp\/v2\/users\/6"}],"replies":[{"embeddable":true,"href":"https:\/\/kunskapsforbundet.se\/birger-sjoberggymnasiet\/wp-json\/wp\/v2\/comments?post=192"}],"version-history":[{"count":15,"href":"https:\/\/kunskapsforbundet.se\/birger-sjoberggymnasiet\/wp-json\/wp\/v2\/pages\/192\/revisions"}],"predecessor-version":[{"id":7233,"href":"https:\/\/kunskapsforbundet.se\/birger-sjoberggymnasiet\/wp-json\/wp\/v2\/pages\/192\/revisions\/7233"}],"wp:featuredmedia":[{"embeddable":true,"href":"https:\/\/kunskapsforbundet.se\/birger-sjoberggymnasiet\/wp-json\/wp\/v2\/media\/4918"}],"wp:attachment":[{"href":"https:\/\/kunskapsforbundet.se\/birger-sjoberggymnasiet\/wp-json\/wp\/v2\/media?parent=192"}],"curies":[{"name":"wp","href":"https:\/\/api.w.org\/{rel}","templated":true}]}}