{"id":1781,"date":"2016-02-17T13:34:46","date_gmt":"2016-02-17T12:34:46","guid":{"rendered":"https:\/\/www.kunskapsforbundet.se\/birger-sjoberggymnasiet\/?page_id=1781"},"modified":"2016-04-20T14:36:39","modified_gmt":"2016-04-20T12:36:39","slug":"el-och-energiprogrammet","status":"publish","type":"page","link":"https:\/\/kunskapsforbundet.se\/birger-sjoberggymnasiet\/el-och-energiprogrammet\/","title":{"rendered":"El- och energiprogrammet"},"content":{"rendered":"<p><img loading=\"lazy\" decoding=\"async\" class=\"img-responsive img-responsive size-large wp-image-18 aligncenter\" src=\"https:\/\/www.kunskapsforbundet.se\/birger-sjoberggymnasiet\/wp-content\/uploads\/sites\/3\/2014\/07\/nisse00_13-16_9-1024x576.jpg\" alt=\"Nisse 00_13 16:9\" width=\"750\" height=\"422\" srcset=\"https:\/\/kunskapsforbundet.se\/app\/uploads\/sites\/3\/2014\/07\/nisse00_13-16_9-1024x576.jpg 1024w, https:\/\/kunskapsforbundet.se\/app\/uploads\/sites\/3\/2014\/07\/nisse00_13-16_9-300x168.jpg 300w, https:\/\/kunskapsforbundet.se\/app\/uploads\/sites\/3\/2014\/07\/nisse00_13-16_9-360x202.jpg 360w, https:\/\/kunskapsforbundet.se\/app\/uploads\/sites\/3\/2014\/07\/nisse00_13-16_9-555x312.jpg 555w, https:\/\/kunskapsforbundet.se\/app\/uploads\/sites\/3\/2014\/07\/nisse00_13-16_9-750x421.jpg 750w, https:\/\/kunskapsforbundet.se\/app\/uploads\/sites\/3\/2014\/07\/nisse00_13-16_9-1140x641.jpg 1140w, https:\/\/kunskapsforbundet.se\/app\/uploads\/sites\/3\/2014\/07\/nisse00_13-16_9-940x529.jpg 940w, https:\/\/kunskapsforbundet.se\/app\/uploads\/sites\/3\/2014\/07\/nisse00_13-16_9-200x112.jpg 200w\" sizes=\"auto, (max-width: 750px) 100vw, 750px\" \/><\/p>\n<p><strong>H\u00f6stterminen 2016 startar El- och energiprogrammet enbart i Trollh\u00e4ttan. Till s\u00f6kperioden 17\/18 \u00e4r ans\u00f6kan till Birger Sj\u00f6berggymnasiet \u00e5terigen \u00f6ppen. <\/strong><\/p>\n<p>Detta \u00e4r det perfekta programmet f\u00f6r dig som gillar att l\u00f6sa problem och vill veta hur saker fungerar inom elektronik, data, el- och\u00a0energiteknik. Att l\u00e4sa programmet ger en riktigt bra grund f\u00f6r en m\u00e4ngd sp\u00e4nnande yrkesroller inom m\u00e5nga olika branscher. Arbetsmarknaden v\u00e4xer och utvecklas snabbt, s\u00e5 du \u00e4r efterfr\u00e5gad n\u00e4r du tar examen.<\/p>\n<p>Du f\u00e5r l\u00e4ra dig om produktion, installation,\u00a0distribution och underh\u00e5ll av system f\u00f6r el, energi och vatten men ocks\u00e5 om el- och energiteknik, automation, dator- och kommunikationsteknik och IT-infrastruktur. Programmet l\u00e4gger stor vikt vid arbetsmilj\u00f6 och s\u00e4kerhetsfr\u00e5gor som\u00a0standarder och informationss\u00e4kerhet. Du kan b\u00f6rja jobba direkt efter utbildningen eller\u00a0forts\u00e4tta studera inom yrkesh\u00f6gskolan. En annan m\u00f6jlighet \u00e4r att l\u00e4sa extra kurser f\u00f6r att kunna studera vidare p\u00e5 h\u00f6gskolan. N\u00e4r du avslutat din utbildning f\u00e5r du grundl\u00e4ggande beh\u00f6righet till yrkesh\u00f6gskolan. YH-utbildningar kan leda till\u00a0yrkesh\u00f6gskoleexamen (om du l\u00e4ser ett \u00e5r) eller en kvalificerad yrkesh\u00f6gskoleexamen (om du l\u00e4ser tv\u00e5 \u00e5r).<\/p>\n<p>Under f\u00f6rsta \u00e5ret l\u00e4ser alla samma \u00e4mnen. Du har minst 15 veckors utbildning ute p\u00e5 en\u00a0arbetsplats, s\u00e5 kallat APL. Praktiken ger dig\u00a0massor av erfarenheter och bra kontakter<\/p>\n","protected":false},"excerpt":{"rendered":"<p>H\u00f6stterminen 2016 startar El- och energiprogrammet enbart i Trollh\u00e4ttan. Till s\u00f6kperioden 17\/18 \u00e4r ans\u00f6kan till Birger Sj\u00f6berggymnasiet \u00e5terigen \u00f6ppen. Detta \u00e4r det perfekta programmet f\u00f6r dig som gillar att l\u00f6sa problem och vill veta hur saker fungerar inom elektronik, data, el- och\u00a0energiteknik. Att l\u00e4sa programmet ger en riktigt bra grund f\u00f6r en m\u00e4ngd sp\u00e4nnande yrkesroller [&hellip;]<\/p>\n","protected":false},"author":6,"featured_media":0,"parent":0,"menu_order":0,"comment_status":"closed","ping_status":"closed","template":"","meta":{"_acf_changed":false,"footnotes":""},"class_list":["post-1781","page","type-page","status-publish","hentry"],"acf":[],"_links":{"self":[{"href":"https:\/\/kunskapsforbundet.se\/birger-sjoberggymnasiet\/wp-json\/wp\/v2\/pages\/1781","targetHints":{"allow":["GET"]}}],"collection":[{"href":"https:\/\/kunskapsforbundet.se\/birger-sjoberggymnasiet\/wp-json\/wp\/v2\/pages"}],"about":[{"href":"https:\/\/kunskapsforbundet.se\/birger-sjoberggymnasiet\/wp-json\/wp\/v2\/types\/page"}],"author":[{"embeddable":true,"href":"https:\/\/kunskapsforbundet.se\/birger-sjoberggymnasiet\/wp-json\/wp\/v2\/users\/6"}],"replies":[{"embeddable":true,"href":"https:\/\/kunskapsforbundet.se\/birger-sjoberggymnasiet\/wp-json\/wp\/v2\/comments?post=1781"}],"version-history":[{"count":4,"href":"https:\/\/kunskapsforbundet.se\/birger-sjoberggymnasiet\/wp-json\/wp\/v2\/pages\/1781\/revisions"}],"predecessor-version":[{"id":1833,"href":"https:\/\/kunskapsforbundet.se\/birger-sjoberggymnasiet\/wp-json\/wp\/v2\/pages\/1781\/revisions\/1833"}],"wp:attachment":[{"href":"https:\/\/kunskapsforbundet.se\/birger-sjoberggymnasiet\/wp-json\/wp\/v2\/media?parent=1781"}],"curies":[{"name":"wp","href":"https:\/\/api.w.org\/{rel}","templated":true}]}}